{"id":15411,"date":"2025-01-17T09:40:19","date_gmt":"2025-01-17T07:40:19","guid":{"rendered":"https:\/\/amenity.cz\/?page_id=15411"},"modified":"2025-01-17T09:40:19","modified_gmt":"2025-01-17T07:40:19","slug":"zustimmung-zum-erhalt-kommerzieller-mitteilungen","status":"publish","type":"page","link":"https:\/\/amenity.cz\/de\/zustimmung-zum-erhalt-kommerzieller-mitteilungen\/","title":{"rendered":"Zustimmung zum Erhalt kommerzieller Mitteilungen"},"content":{"rendered":"<div class=\"wpb-content-wrapper\"><p>[vc_row][vc_column][\/vc_column][\/vc_row][vc_row][vc_column]<div  class=\"empty-space  marg-lg-b25\"><\/div>[\/vc_column][\/vc_row][vc_row][vc_column]<div class=\"text-block \" ><div class=\"simple-text \"><h1 style=\"text-align: center;\">Zustimmung zum Erhalt kommerzieller Mitteilungen<\/h1>\n<p style=\"text-align: center;\"><strong>Zustimmung zur Zusendung kommerzieller Mitteilungen auf elektronischem Wege gem\u00e4\u00df Gesetz Nr. 480\/2004 Slg. und zur Verarbeitung personenbezogener Daten f\u00fcr die folgenden Zwecke<\/strong><\/p>\n<p style=\"text-align: center;\">Durch Ankreuzen des K\u00e4stchens \u201eIch stimme der Zusendung kommerzieller Mitteilungen auf elektronischem Wege gem\u00e4\u00df Gesetz Nr. 480\/2004 Slg. und der Verarbeitung personenbezogener Daten zu diesen Zwecken zu\u201c im Buchungsformular auf der Website www.amenity.cz (im Folgenden \u201eBuchungsformular\u201c genannt) und dessen Absendung (oder, falls die Bestellung von Unterk\u00fcnften und Dienstleistungen nicht \u00fcber die Website www.amenity.cz erfolgt, durch eine andere ausdr\u00fcckliche und nachweisbare Willensbekundung)<\/p>\n<p style=\"text-align: center;\">Ich best\u00e4tige, dass alle pers\u00f6nlichen Daten, die ich der Amenity Resorts s.r.o. zur Verf\u00fcgung gestellt habe, ID-Nr.: 276 50 626, mit Sitz in Prag 4, Kunratice, Ratajova 1113\/8, PLZ 148 00, eingetragen im Handelsregister, gef\u00fchrt vom Handelsregisteramt in Prag, Abteilung C, Einlage 121600, , E-Mail-Kontakt: info.amenity@amenity.cz (im Folgenden \u201eUnterkunftsgeber\u201c) im Zusammenhang mit dem Abschluss des Unterkunftsvertrages durch das Buchungsformular oder auf eine andere nachweisbare Weise, sofern die Bestellung der Unterkunft und der Dienstleistungen nicht \u00fcber die Website www. amenity.cz, wahrheitsgem\u00e4\u00df und richtig sind, dass ich \u00fcber meine Rechte im Zusammenhang mit der Verwaltung und Verarbeitung meiner personenbezogenen Daten informiert wurde, insbesondere dar\u00fcber, dass mir die Rechte gem\u00e4\u00df \u00a7\u00a7 11, 12, 21 des Gesetzes Nr. 101\/2000 Slg, Nr. 101\/2000 Slg. \u00fcber den Schutz personenbezogener Daten in der ge\u00e4nderten Fassung (nachstehend \u201eGesetz \u00fcber den Schutz personenbezogener Daten\u201c genannt) habe, oder dass ich mich mit dem Inhalt der Informationen \u00fcber die Verarbeitung personenbezogener Daten und kommerzielle Kommunikation auf der Website www.amenity.cz vertraut gemacht habe, und<\/p>\n<p style=\"text-align: center;\">Ich erteile hiermit auf der Grundlage der vorstehenden Ausf\u00fchrungen meine Zustimmung:<\/p>\n<ul>\n<li style=\"text-align: center;\">in die Verarbeitung meiner personenbezogenen Daten im Sinne des Datenschutzgesetzes durch den Beherbergungsbetrieb als Verantwortlichen oder durch andere Personen, mit denen der Beherbergungsbetrieb als Auftragsverarbeiter einen entsprechenden Vertrag gem\u00e4\u00df \u00a7 6 des Datenschutzgesetzes abschlie\u00dft, einschlie\u00dflich der Offenlegung und \u00dcbermittlung der diesen Auftragsverarbeitern und Personen gem\u00e4\u00df \u00a7 14 des Datenschutzgesetzes, die mit dem Beherbergungsbetrieb auf der Grundlage eines Vertrags zusammenarbeiten, zur Verf\u00fcgung gestellten Daten, und zwar\n<ul>\n<li>im Umfang der von mir im Buchungsformular (oder einer anderen nachweisbaren Willenserkl\u00e4rung, die diese Angaben enth\u00e4lt, es sei denn, die Bestellung von Unterk\u00fcnften und Dienstleistungen erfolgt \u00fcber die Website www.amenity.cz ) angegebenen Daten meines Vor- und Nachnamens, meiner Anschrift, Telefonnummer und E-Mail-Adresse,<\/li>\n<li>auf unbestimmte Zeit oder bis zum Widerruf oder zur Verweigerung meiner Zustimmung oder bis ich mich dagegen ausspreche,<\/li>\n<li>f\u00fcr Gesch\u00e4fts- und Marketingzwecke, insbesondere f\u00fcr das Anbieten von Handel, Dienstleistungen, Produkten und Informationen \u00fcber Veranstaltungen und Aktivit\u00e4ten sowohl des Unterkunftsgebers als auch Dritter &#8211; GOLF EXPLOITATION, s.r.o., Firmen-ID 25154010, mit Sitz in Prag 4 &#8211; Kunratice, PLZ 14800, Ratajova 1113\/8, E-Mail-Kontakt info@golf-exploitation.cz und Personen, die mit dem Unterkunftsgeber einen Konzern im Sinne der einschl\u00e4gigen Gesetzgebung bilden, insbesondere 3M Developer, a.s, 27196585, mit Sitz in Prag 4 &#8211; Kunratice, Postleitzahl 14800, Ratajova 1113\/8, E-Mail-Kontakt: info@3mdeveloper.cz, und Angebote sowohl des Unterkunftsgebers als auch dieser Dritten, sowie die Zusendung kommerzieller Mitteilungen auf elektronischem Wege gem\u00e4\u00df dem Gesetz Nr. 480\/2004 Slg. \u00fcber bestimmte Dienste der Informationsgesellschaft und \u00fcber \u00c4nderungen bestimmter Gesetze in der ge\u00e4nderten Fassung (im Folgenden \u201eGesetz \u00fcber Dienste der Informationsgesellschaft\u201c);<\/li>\n<\/ul>\n<\/li>\n<li style=\"text-align: center;\">die Verwendung der Daten der elektronischen Kontaktaufnahme, die ich im Buchungsformular angegeben habe (oder einer anderen nachweisbaren Willensbekundung, die diese Informationen enth\u00e4lt, es sei denn, die Bestellung erfolgt \u00fcber die Website www.amenity.cz ), zum Zweck der Verbreitung kommerzieller Mitteilungen im Sinne des Gesetzes \u00fcber die Dienstleistungen der Informationsgesellschaft (d.h. die Versendung kommerzieller Mitteilungen an meine Person auf elektronischem Wege durch den Beherbergungsbetrieb und die im vorstehenden Absatz genannten Dritten), die kommerzielle Mitteilungen \u00fcber Produkte, Dienstleistungen, Erzeugnisse und T\u00e4tigkeiten sowohl des Beherbergungsbetriebs als auch der im vorstehenden Absatz genannten Dritten umfassen.<\/li>\n<\/ul>\n<\/div><\/div>[\/vc_column][\/vc_row]<\/p>\n<\/div>","protected":false},"excerpt":{"rendered":"<p>[vc_row][vc_column][\/vc_column][\/vc_row][vc_row][vc_column][\/vc_column][\/vc_row][vc_row][vc_column][\/vc_column][\/vc_row]<\/p>\n","protected":false},"author":3,"featured_media":0,"parent":0,"menu_order":0,"comment_status":"closed","ping_status":"closed","template":"","meta":{"footnotes":""},"class_list":["post-15411","page","type-page","status-publish","hentry"],"yoast_head":"<!-- This site is optimized with the Yoast SEO Premium plugin v27.3 (Yoast SEO v27.3) - https:\/\/yoast.com\/product\/yoast-seo-premium-wordpress\/ -->\n<title>Zustimmung zum Erhalt kommerzieller Mitteilungen - Amenity Resorts<\/title>\n<meta name=\"robots\" content=\"index, follow, max-snippet:-1, max-image-preview:large, max-video-preview:-1\" \/>\n<link rel=\"canonical\" href=\"https:\/\/amenity.cz\/de\/zustimmung-zum-erhalt-kommerzieller-mitteilungen\/\" \/>\n<meta property=\"og:locale\" content=\"de_DE\" \/>\n<meta property=\"og:type\" content=\"article\" \/>\n<meta property=\"og:title\" content=\"Zustimmung zum Erhalt kommerzieller Mitteilungen\" \/>\n<meta property=\"og:description\" content=\"[vc_row][vc_column][\/vc_column][\/vc_row][vc_row][vc_column][\/vc_column][\/vc_row][vc_row][vc_column][\/vc_column][\/vc_row]\" \/>\n<meta property=\"og:url\" content=\"https:\/\/amenity.cz\/de\/zustimmung-zum-erhalt-kommerzieller-mitteilungen\/\" \/>\n<meta property=\"og:site_name\" content=\"Amenity Resorts\" \/>\n<meta property=\"article:publisher\" content=\"https:\/\/www.facebook.com\/amenityresorts\" \/>\n<meta property=\"og:image\" content=\"https:\/\/amenity.cz\/wp-content\/uploads\/2025\/10\/amenity-resorts-domov-uprostred-prirody.jpg\" \/>\n\t<meta property=\"og:image:width\" content=\"1200\" \/>\n\t<meta property=\"og:image:height\" content=\"675\" \/>\n\t<meta property=\"og:image:type\" content=\"image\/jpeg\" \/>\n<meta name=\"twitter:card\" content=\"summary_large_image\" \/>\n<meta name=\"twitter:site\" content=\"@amenityresorts\" \/>\n<meta name=\"twitter:label1\" content=\"Gesch\u00e4tzte Lesezeit\" \/>\n\t<meta name=\"twitter:data1\" content=\"4\u00a0Minuten\" \/>\n<script type=\"application\/ld+json\" class=\"yoast-schema-graph\">{\"@context\":\"https:\\\/\\\/schema.org\",\"@graph\":[{\"@type\":\"WebPage\",\"@id\":\"https:\\\/\\\/amenity.cz\\\/de\\\/zustimmung-zum-erhalt-kommerzieller-mitteilungen\\\/\",\"url\":\"https:\\\/\\\/amenity.cz\\\/de\\\/zustimmung-zum-erhalt-kommerzieller-mitteilungen\\\/\",\"name\":\"Zustimmung zum Erhalt kommerzieller Mitteilungen - Amenity Resorts\",\"isPartOf\":{\"@id\":\"https:\\\/\\\/amenity.cz\\\/de\\\/#website\"},\"datePublished\":\"2025-01-17T07:40:19+00:00\",\"breadcrumb\":{\"@id\":\"https:\\\/\\\/amenity.cz\\\/de\\\/zustimmung-zum-erhalt-kommerzieller-mitteilungen\\\/#breadcrumb\"},\"inLanguage\":\"de\",\"potentialAction\":[{\"@type\":\"ReadAction\",\"target\":[\"https:\\\/\\\/amenity.cz\\\/de\\\/zustimmung-zum-erhalt-kommerzieller-mitteilungen\\\/\"]}]},{\"@type\":\"BreadcrumbList\",\"@id\":\"https:\\\/\\\/amenity.cz\\\/de\\\/zustimmung-zum-erhalt-kommerzieller-mitteilungen\\\/#breadcrumb\",\"itemListElement\":[{\"@type\":\"ListItem\",\"position\":1,\"name\":\"Dom\u016f\",\"item\":\"https:\\\/\\\/amenity.cz\\\/de\\\/\"},{\"@type\":\"ListItem\",\"position\":2,\"name\":\"Zustimmung zum Erhalt kommerzieller Mitteilungen\"}]},{\"@type\":\"WebSite\",\"@id\":\"https:\\\/\\\/amenity.cz\\\/de\\\/#website\",\"url\":\"https:\\\/\\\/amenity.cz\\\/de\\\/\",\"name\":\"Amenity Resorts\",\"description\":\"\u010cesk\u00fd hotelov\u00fd \u0159et\u011bzec\",\"alternateName\":\"Amenity Hotels & Resorts\",\"potentialAction\":[{\"@type\":\"SearchAction\",\"target\":{\"@type\":\"EntryPoint\",\"urlTemplate\":\"https:\\\/\\\/amenity.cz\\\/de\\\/?s={search_term_string}\"},\"query-input\":{\"@type\":\"PropertyValueSpecification\",\"valueRequired\":true,\"valueName\":\"search_term_string\"}}],\"inLanguage\":\"de\"}]}<\/script>\n<!-- \/ Yoast SEO Premium plugin. -->","yoast_head_json":{"title":"Zustimmung zum Erhalt kommerzieller Mitteilungen - Amenity Resorts","robots":{"index":"index","follow":"follow","max-snippet":"max-snippet:-1","max-image-preview":"max-image-preview:large","max-video-preview":"max-video-preview:-1"},"canonical":"https:\/\/amenity.cz\/de\/zustimmung-zum-erhalt-kommerzieller-mitteilungen\/","og_locale":"de_DE","og_type":"article","og_title":"Zustimmung zum Erhalt kommerzieller Mitteilungen","og_description":"[vc_row][vc_column][\/vc_column][\/vc_row][vc_row][vc_column][\/vc_column][\/vc_row][vc_row][vc_column][\/vc_column][\/vc_row]","og_url":"https:\/\/amenity.cz\/de\/zustimmung-zum-erhalt-kommerzieller-mitteilungen\/","og_site_name":"Amenity Resorts","article_publisher":"https:\/\/www.facebook.com\/amenityresorts","og_image":[{"width":1200,"height":675,"url":"https:\/\/amenity.cz\/wp-content\/uploads\/2025\/10\/amenity-resorts-domov-uprostred-prirody.jpg","type":"image\/jpeg"}],"twitter_card":"summary_large_image","twitter_site":"@amenityresorts","twitter_misc":{"Gesch\u00e4tzte Lesezeit":"4\u00a0Minuten"},"schema":{"@context":"https:\/\/schema.org","@graph":[{"@type":"WebPage","@id":"https:\/\/amenity.cz\/de\/zustimmung-zum-erhalt-kommerzieller-mitteilungen\/","url":"https:\/\/amenity.cz\/de\/zustimmung-zum-erhalt-kommerzieller-mitteilungen\/","name":"Zustimmung zum Erhalt kommerzieller Mitteilungen - Amenity Resorts","isPartOf":{"@id":"https:\/\/amenity.cz\/de\/#website"},"datePublished":"2025-01-17T07:40:19+00:00","breadcrumb":{"@id":"https:\/\/amenity.cz\/de\/zustimmung-zum-erhalt-kommerzieller-mitteilungen\/#breadcrumb"},"inLanguage":"de","potentialAction":[{"@type":"ReadAction","target":["https:\/\/amenity.cz\/de\/zustimmung-zum-erhalt-kommerzieller-mitteilungen\/"]}]},{"@type":"BreadcrumbList","@id":"https:\/\/amenity.cz\/de\/zustimmung-zum-erhalt-kommerzieller-mitteilungen\/#breadcrumb","itemListElement":[{"@type":"ListItem","position":1,"name":"Dom\u016f","item":"https:\/\/amenity.cz\/de\/"},{"@type":"ListItem","position":2,"name":"Zustimmung zum Erhalt kommerzieller Mitteilungen"}]},{"@type":"WebSite","@id":"https:\/\/amenity.cz\/de\/#website","url":"https:\/\/amenity.cz\/de\/","name":"Amenity Resorts","description":"\u010cesk\u00fd hotelov\u00fd \u0159et\u011bzec","alternateName":"Amenity Hotels & Resorts","potentialAction":[{"@type":"SearchAction","target":{"@type":"EntryPoint","urlTemplate":"https:\/\/amenity.cz\/de\/?s={search_term_string}"},"query-input":{"@type":"PropertyValueSpecification","valueRequired":true,"valueName":"search_term_string"}}],"inLanguage":"de"}]}},"_links":{"self":[{"href":"https:\/\/amenity.cz\/de\/wp-json\/wp\/v2\/pages\/15411","targetHints":{"allow":["GET"]}}],"collection":[{"href":"https:\/\/amenity.cz\/de\/wp-json\/wp\/v2\/pages"}],"about":[{"href":"https:\/\/amenity.cz\/de\/wp-json\/wp\/v2\/types\/page"}],"author":[{"embeddable":true,"href":"https:\/\/amenity.cz\/de\/wp-json\/wp\/v2\/users\/3"}],"replies":[{"embeddable":true,"href":"https:\/\/amenity.cz\/de\/wp-json\/wp\/v2\/comments?post=15411"}],"version-history":[{"count":1,"href":"https:\/\/amenity.cz\/de\/wp-json\/wp\/v2\/pages\/15411\/revisions"}],"predecessor-version":[{"id":15415,"href":"https:\/\/amenity.cz\/de\/wp-json\/wp\/v2\/pages\/15411\/revisions\/15415"}],"wp:attachment":[{"href":"https:\/\/amenity.cz\/de\/wp-json\/wp\/v2\/media?parent=15411"}],"curies":[{"name":"wp","href":"https:\/\/api.w.org\/{rel}","templated":true}]}}