{"id":15413,"date":"2025-01-17T09:42:05","date_gmt":"2025-01-17T07:42:05","guid":{"rendered":"https:\/\/amenity.cz\/?page_id=15413"},"modified":"2025-10-06T16:10:08","modified_gmt":"2025-10-06T14:10:08","slug":"informationen-uber-die-verarbeitung-personenbezogener-daten","status":"publish","type":"page","link":"https:\/\/amenity.cz\/de\/informationen-uber-die-verarbeitung-personenbezogener-daten\/","title":{"rendered":"Informationen \u00fcber die Verarbeitung personenbezogener Daten"},"content":{"rendered":"<div class=\"wpb-content-wrapper\"><p>[vc_row][vc_column]<div class=\"text-block \" ><div class=\"simple-text \"><h1 style=\"text-align: center;\">Informationen zur Verarbeitung personenbezogener Daten<\/h1>\n<p><b>Informationen zur Verarbeitung personenbezogener Daten und Hinweise gem\u00e4\u00df Gesetz Nr. 101\/2000 Slg. \u00fcber den Schutz personenbezogener Daten in der Fassung sp\u00e4terer Vorschriften (im Folgenden gegebenenfalls nur \u201eGesetz \u00fcber den Schutz personenbezogener Daten\u201c) und zur Einwilligung in die Verwendung elektronischer Kontaktdaten zum Zwecke der Verbreitung von Werbemitteilungen auf elektronischem Wege im Sinne des Gesetzes Nr. 480\/2004 Slg. \u00fcber bestimmte Dienste der Informationsgesellschaft und zur \u00c4nderung bestimmter Gesetze in der Fassung sp\u00e4terer Vorschriften (im Folgenden gegebenenfalls nur \u201eGesetz \u00fcber IS-Dienste\u201c)<\/b><\/p>\n<p>Die Firma Amenity Resorts s.r.o. mit Sitz in Prag 4-Kunratice, Ratajova 1113\/8, ID-Nr.: 27650626, E-Mail-Kontakt: <a href=\"mailto:marketing@amenity.cz\">marketing@amenity.cz<\/a> (im Folgenden \u201eUnternehmen\u201c genannt) verarbeitet oder wird als Verantwortlicher f\u00fcr die Verarbeitung personenbezogener Daten personenbezogene Daten \u00fcber Sie im Sinne des Gesetzes zum Schutz personenbezogener Daten verarbeiten, die Sie dem Unternehmen zur Verf\u00fcgung gestellt haben oder zur Verf\u00fcgung stellen werden, und zwar im Zusammenhang mit der Bereitstellung von Beherbergungsdienstleistungen durch den Beherberger (das Unternehmen) in den von ihm betriebenen Anlagen (Komplex von Beherbergungs- und Freizeit-Sportanlagen \u2013 Amenity Resorts und Hotel Bouda Helena).<\/p>\n<p>Im Sinne von \u00a7 5 Abs. 4 und \u00a7 11 des Datenschutzgesetzes informieren wir Sie hiermit, dass:<\/p>\n<p>1. Ihre personenbezogenen Daten sowie die Ihrer Mitreisenden, die im Reservierungsformular auf der Website www.amenity.cz (im Folgenden \u201eReservierungsformular\u201d) ausgef\u00fcllt werden m\u00fcssen (oder automatisch anhand der eingegebenen Daten ausgef\u00fcllt werden), werden f\u00fcr folgende Zwecke bereitgestellt<\/p>\n<p>&nbsp;<\/p>\n<p>i. Zwecke der Aushandlung, des Abschlusses und der Erf\u00fcllung des Beherbergungsvertrags und f\u00fcr die eventuelle Geltendmachung von Anspr\u00fcchen aus diesem Vertrag (mit Ausnahme der personenbezogenen Daten der Mitreisenden), wenn Sie eine Reiser\u00fccktrittsversicherung w\u00e4hlen, dann auch f\u00fcr<\/p>\n<p>ii. Zwecke der F\u00fchrung des Registerbuchs und der Erf\u00fcllung der Pflichten des Unternehmens als Beherbergungsbetrieb gem\u00e4\u00df Gesetz Nr. 565\/1990 Sb., im Falle von Ausl\u00e4ndern gleichzeitig auch f\u00fcr<\/p>\n<p>iii. Zwecke der F\u00fchrung des Hausbuchs und der Erf\u00fcllung der Pflichten des Unternehmens als Beherbergungsbetrieb gem\u00e4\u00df Gesetz Nr. 326\/1999 Sb. und f\u00fcr<\/p>\n<p>iv. zu Gesch\u00e4fts- und Marketingzwecken, insbesondere zum Anbieten von Gesch\u00e4ften und Dienstleistungen, zur Information \u00fcber Angebote, Aktionen und Aktivit\u00e4ten sowohl des Unternehmens als auch von Dritten \u2013 der Gesellschaft GOLF EXPLOITATION, s.r.o., ID-Nr. 25154010, mit Sitz in Praha 4 \u2013 Kunratice, PS\u010c 14800, Ratajova 1113\/8, E-Mail-Kontakt<a href=\"mailto:%20info@golf-exploitation.cz\"> info@golf-exploitation.cz<\/a> und Personen, die mit dem Unternehmen einen Konzern im Sinne der einschl\u00e4gigen Rechtsvorschriften bilden, insbesondere die Gesellschaft 3M Developer, a.s., ID-Nr. 27196585, mit Sitz in Prag 4 \u2013 Kunratice, PLZ 14800, Ratajova 1113\/8, E-Mail-Kontakt: <a href=\"mailto:info@3mdeveloper.cz\">info@3mdeveloper.cz<\/a>, und zwar sowohl f\u00fcr Angebote, die von der Gesellschaft als auch von diesen Dritten realisiert werden, als auch f\u00fcr die Zusendung von Werbemitteilungen gem\u00e4\u00df dem Gesetz \u00fcber Informationsdienste (mit Ausnahme der personenbezogenen Daten von Mitreisenden) durch das Unternehmen und die in diesem Absatz genannten Dritten, die kommerzielle Mitteilungen zu Produkten, Dienstleistungen und Aktivit\u00e4ten sowohl des Unternehmens als auch der in diesem Absatz genannten Dritten umfassen;<\/p>\n<p>2. Umfang der Daten\u00fcbermittlung:<\/p>\n<p>1. f\u00fcr die unter Punkt 1) genannten Zwecke: Vor- und Nachname, Wohnort, Geburtsdatum, E-Mail-Adresse und Telefonnummer, Datum des Aufenthaltsbeginns und -endes, Betrag f\u00fcr die Unterkunft und damit verbundene Dienstleistungen,<\/p>\n<p>2. f\u00fcr die Zwecke unter Punkt 1) ii. \u2013 bei nat\u00fcrlichen Personen, die lokale Abgaben zahlen, Dauer der Unterkunft, Zweck des Aufenthalts, Vorname, Nachname, Adresse des st\u00e4ndigen Wohnsitzes oder des st\u00e4ndigen Aufenthaltsortes im Ausland und Nummer des Personalausweises oder Reisedokuments,<\/p>\n<p>3. f\u00fcr die Zwecke unter Punkt 1) iii. \u2013 Vorname und Nachname des untergebrachten Ausl\u00e4nders, Tag, Monat und Jahr der Geburt, Staatsangeh\u00f6rigkeit, Nummer des Reisedokuments, Beginn und Ende der Unterkunft und<\/p>\n<p>4. f\u00fcr die Zwecke unter Punkt 1 iv. \u2013 Vorname, Nachname, Adresse (einschlie\u00dflich Telefonnummer und E-Mail-Adresse);<\/p>\n<p>2. Angesichts der Art der bestehenden (und potenziellen) gegenseitigen Beziehungen (Vertragsbeziehungen) ist die Bereitstellung der oben genannten Daten und\/oder die Zustimmung zu ihrer Verarbeitung (sofern erforderlich) freiwillig. Die Verweigerung der Bereitstellung dieser Daten in dem erforderlichen Umfang hat jedoch in der Regel zur Folge, dass der betreffende Vertrag nicht abgeschlossen werden kann (Daten, die f\u00fcr die in Punkt 1 Buchstaben i.-iv. genannten Zwecke bereitgestellt werden). Das Unternehmen darf personenbezogene Daten nur mit Zustimmung der Person, auf die sich die Daten beziehen, verarbeiten und Werbemitteilungen versenden, sofern das Gesetz nichts anderes vorsieht. Das Gesetz zum Schutz personenbezogener Daten und das Gesetz \u00fcber IS-Dienste sehen Ausnahmen vor, in denen keine Zustimmung zur Verarbeitung personenbezogener Daten erforderlich ist. Das Gesetz zum Schutz personenbezogener Daten sieht dies in \u00a7 5 Abs. 2 vor, wenn die Verarbeitung der Daten f\u00fcr den Abschluss und die Erf\u00fcllung von Vertr\u00e4gen oder f\u00fcr den Schutz der Rechte und rechtlich gesch\u00fctzten Interessen des Unternehmens (Daten unter Punkt 2 Buchstabe a) und b) oder zur Einhaltung einer dem Unternehmen gesetzlich auferlegten rechtlichen Verpflichtung (Daten unter Punkt 2) Buchstaben c) und d) erforderlich ist, sowie in \u00a7 5 Abs. 5, wenn das Unternehmen, sofern es personenbezogene Daten im Zusammenhang mit seiner T\u00e4tigkeit von Ihnen erhalten hat, diese Daten f\u00fcr Marketingzwecke \u2013 das Anbieten von Gesch\u00e4ften oder Dienstleistungen \u2013 im Umfang von Vorname, Nachname und Adresse verwenden darf. Das Gesetz \u00fcber Informationsdienste sieht in \u00a7 7 eine Ausnahme vor, wonach keine Einwilligung erforderlich ist f\u00fcr die Zusendung von Werbemitteilungen \u00fcber eigene \u00e4hnliche Produkte und Dienstleistungen, wenn das Unternehmen oder die Unternehmen die elektronischen Kontaktdaten f\u00fcr E-Mails von ihrem Kunden im Zusammenhang mit dem Verkauf eines Produkts oder einer Dienstleistung gem\u00e4\u00df den Anforderungen des Gesetzes \u00fcber Informationsdienste erhalten haben, vorausgesetzt, dass der Kunde die M\u00f6glichkeit hat, die Einwilligung in der gesetzlich vorgeschriebenen Weise zu verweigern, sofern er dies nicht bereits zuvor getan hat. Die erteilte Einwilligung zur Verarbeitung der bereitgestellten personenbezogenen Daten kann der Kunde\/Klient jederzeit schriftlich widerrufen, indem er die Verarbeitung der Daten f\u00fcr gesch\u00e4ftliche und Marketingzwecke und den Versand von Werbemitteilungen per E-Mail an <a href=\"mailto:marketing@amenity.cz\">marketing@ amenity.cz<\/a> oder durch Klicken auf den Hypertext-Link \u201eAbmelden\u201d in der Fu\u00dfzeile des Newsletters, der von der Domain amenity.domainmail.cz oder amenity.cz versendet wird, k\u00f6nnen Sie jederzeit Ihre Ablehnung zum Ausdruck bringen und damit die Zustimmung zur Verwendung Ihrer E-Mail-Adresse widerrufen. Da das Unternehmen bzw. die Unternehmen, die im Sinne der geltenden Rechtsvorschriften einen Konzern bilden (insbesondere die Unternehmen 3M Developer, a.s., I\u010c , mit Sitz in Praha 4 -Kunratice, PS\u010c 14800, Ratajova 1113\/8) und die Gesellschaft GOLF EXPLOITATION s.r.o., ID-Nr. mit Sitz in Prag 4 \u2013 Kunratice, PLZ 14800, Ratajova 1113\/8, die ebenso wie die Gesellschaft im Bereich der Beherbergungs- und Sport- und Freizeitdienstleistungen (Komplex von Beherbergungs- und Freizeit- und Sporteinrichtungen \u2013 Amenity Resorts und Hotel Bouda Helena) Ihnen elektronisch Mitteilungen und Angebote im Bereich Marketing, Angebote und Verkaufsf\u00f6rderung f\u00fcr ihr gesamtes Dienstleistungs- und Produktsegment zusenden m\u00f6chten, ist hierf\u00fcr die Zustimmung des Kunden erforderlich. Wenn der Kunde die Zustimmung zum Versand von Werbemitteilungen und zur Verarbeitung personenbezogener Daten f\u00fcr diese Zwecke im Rahmen der Bestellung im Sinne der Allgemeinen Gesch\u00e4ftsbedingungen (im Registrierungsformular oder durch eine andere ausdr\u00fcckliche und nachweisbare Willensbekundung des Kunden mit gleichem Inhalt, falls die Bestellung nicht \u00fcber die Website <a href=\"http:\/\/www.amenity.cz\/\">www.amenity.cz<\/a> oder <a href=\"http:\/\/www.hotel-bouda-helena.cz\/\">www. hotel-bouda-helena.cz<\/a>) nicht ablehnt, erteilt der Kunde diese Zustimmung f\u00fcr gesch\u00e4ftliche und Marketingzwecke \u2013 Angebote von Gesch\u00e4ften, Dienstleistungen und Produkten sowie Informationen \u00fcber Veranstaltungen und Aktivit\u00e4ten sowohl des Unternehmens sowie der in diesem Punkt 3) genannten Unternehmen, die von diesen Unternehmen elektronisch unter Verwendung der E-Mail-Adresse des Kunden versandt werden, und zur Verarbeitung personenbezogener Daten f\u00fcr diese Zwecke (einschlie\u00dflich der Weitergabe von Daten zwischen diesen Personen als Verarbeiter oder kooperierenden Personen im Sinne von \u00a7 14 des Datenschutzgesetzes in dem f\u00fcr den jeweiligen Zweck erforderlichen Umfang);<\/p>\n<p>3. Personenbezogene Daten d\u00fcrfen f\u00fcr den Zeitraum verarbeitet werden, der zur Erreichung der festgelegten Zwecke, f\u00fcr die die personenbezogenen Daten verarbeitet werden, erforderlich ist, l\u00e4ngstens jedoch f\u00fcr die Dauer der G\u00fcltigkeit des jeweiligen Vertrags oder bis zur vollst\u00e4ndigen Abwicklung der sich aus dem Vertrag ergebenden Rechte und Pflichten (ggf. f\u00fcr den durch die einschl\u00e4gigen Rechtsvorschriften festgelegten Zeitraum). im Falle der Verarbeitung von Daten f\u00fcr gesch\u00e4ftliche und Marketingzwecke, einschlie\u00dflich der Zusendung von gesch\u00e4ftlichen Mitteilungen gem\u00e4\u00df dem Gesetz \u00fcber Informationsdienste, auf unbestimmte Zeit;<\/p>\n<p>4. Das Unternehmen als Verantwortlicher f\u00fcr personenbezogene Daten ist gem\u00e4\u00df \u00a7 6 des Gesetzes \u00fcber den Schutz personenbezogener Daten berechtigt, eine andere Person als Auftragsverarbeiter mit der Verarbeitung personenbezogener Daten zu beauftragen, einschlie\u00dflich der \u00dcbermittlung personenbezogener Daten f\u00fcr einen bestimmten Zweck und Umfang ihrer Verarbeitung. Im Falle der unter Punkt 2) Buchstabe e) genannten Daten, die f\u00fcr die unter Punkt 1) Buchstabe v) genannten Zwecke verarbeitet werden, handelt es sich dabei um Unternehmen, die im Sinne der geltenden Rechtsvorschriften einen Konzern bilden (insbesondere die Unternehmen 3M Developer, a.s., ID-Nr. 27196585, mit Sitz in Prag 4 &#8211; Kunratice, PLZ 14800, Ratajova 1113\/8), E-Mail-Kontakt <a href=\"mailto:info@3mdeveloper.cz\">info@3mdeveloper.cz<\/a> und die Gesellschaft GOLF EXPLOITATION s.r.o., ID-Nr. 25154010, mit Sitz in Prag 4 \u2013 Kunratice, PLZ 14800, Ratajova 1113\/8, E-Mail-Kontakt <a href=\"mailto:info@golf-exploitation.cz\">info@golf-exploitation.cz<\/a> Das Unternehmen kann die bereitgestellten Daten auch Personen gem\u00e4\u00df \u00a7 14 des Gesetzes zug\u00e4nglich machen und \u00fcbermitteln, die mit dem Unternehmen als Verwalter auf der Grundlage eines Vertrags zusammenarbeiten, und zwar nur in dem Umfang und unter den Bedingungen, die vom Verwalter oder Verarbeiter festgelegt wurden; diese Personen unterliegen einer gesetzlichen oder vertraglichen Geheimhaltungspflicht.<\/p>\n<p>5. Die bereitgestellten personenbezogenen Daten werden (manuell oder mit Hilfe von Informationstechnologie) von speziell daf\u00fcr beauftragten Personen verarbeitet. Diese personenbezogenen Daten werden in elektronischer oder Papierform mit gesichertem Zugriff sicher aufbewahrt.<\/p>\n<p>6. Das Unternehmen ist verpflichtet (und auf dessen Anweisung hin auch der Verarbeiter), personenbezogene Daten zu vernichten, sobald der Zweck, zu dem sie verarbeitet wurden, entf\u00e4llt oder auf Antrag des Kunden gem\u00e4\u00df \u00a7 21 des Datenschutzgesetzes.<\/p>\n<p>7. Der Kunde hat gem\u00e4\u00df \u00a7\u00a7 11, 12 und 21 des Datenschutzgesetzes das Recht, insbesondere das Recht auf Zugang zu seinen personenbezogenen Daten, und auf schriftlichen Antrag des Kunden stellt der Verantwortliche f\u00fcr die Verarbeitung personenbezogener Daten kostenlos Informationen \u00fcber die \u00fcber ihn verarbeiteten personenbezogenen Daten zur Verf\u00fcgung.<\/p>\n<p>8. Der Kunde hat das Recht, wenn er der Ansicht ist, dass der Verantwortliche f\u00fcr die Verarbeitung personenbezogener Daten oder der Verarbeiter Ihre personenbezogenen Daten in Widerspruch zum Schutz Ihrer Privatsph\u00e4re und Ihres pers\u00f6nlichen Lebens als Kunde oder in Widerspruch zum Datenschutzgesetz verarbeitet:<\/p>\n<p>&nbsp;<\/p>\n<p>i. vom Verantwortlichen f\u00fcr die Verarbeitung personenbezogener Daten oder vom Auftragsverarbeiter eine Erkl\u00e4rung zu verlangen,<\/p>\n<p>ii. vom Verantwortlichen f\u00fcr die Verarbeitung personenbezogener Daten oder vom Auftragsverarbeiter zu verlangen, den entstandenen Zustand zu beseitigen; der Verantwortliche f\u00fcr die Verarbeitung personenbezogener Daten oder der Auftragsverarbeiter sind verpflichtet, den entstandenen Zustand unverz\u00fcglich zu beseitigen, wenn die Anfrage des Kunden als berechtigt angesehen wird;<\/p>\n<p>9. Der Kunde hat das Recht, sich mit einer Beschwerde oder einem Antrag an die Datenschutzbeh\u00f6rde (www.uoou.cz) zu wenden, wenn der Verantwortliche f\u00fcr die Verarbeitung personenbezogener Daten oder der Auftragsverarbeiter Ihrem Antrag gem\u00e4\u00df dem vorstehenden Absatz nicht nachkommt. Sie k\u00f6nnen sich auch direkt an diese Beh\u00f6rde wenden.<\/p>\n<p>10. Das Unternehmen erkl\u00e4rt, dass es personenbezogene Daten nur in dem Umfang erheben wird, der zur Erf\u00fcllung des festgelegten Zwecks erforderlich ist, und dass es diese Daten nur in \u00dcbereinstimmung mit dem Zweck verarbeiten wird, f\u00fcr den sie erhoben wurden.<\/p>\n<\/div><\/div>[\/vc_column][\/vc_row]<\/p>\n<\/div>","protected":false},"excerpt":{"rendered":"<p>[vc_row][vc_column][\/vc_column][\/vc_row]<\/p>\n","protected":false},"author":3,"featured_media":0,"parent":0,"menu_order":0,"comment_status":"closed","ping_status":"closed","template":"","meta":{"footnotes":""},"class_list":["post-15413","page","type-page","status-publish","hentry"],"yoast_head":"<!-- This site is optimized with the Yoast SEO Premium plugin v27.3 (Yoast SEO v27.3) - https:\/\/yoast.com\/product\/yoast-seo-premium-wordpress\/ -->\n<title>Informationen \u00fcber die Verarbeitung personenbezogener Daten - Amenity Resorts<\/title>\n<meta name=\"robots\" content=\"index, follow, max-snippet:-1, max-image-preview:large, max-video-preview:-1\" \/>\n<link rel=\"canonical\" href=\"https:\/\/amenity.cz\/de\/informationen-uber-die-verarbeitung-personenbezogener-daten\/\" \/>\n<meta property=\"og:locale\" content=\"de_DE\" \/>\n<meta property=\"og:type\" content=\"article\" \/>\n<meta property=\"og:title\" content=\"Informationen \u00fcber die Verarbeitung personenbezogener Daten\" \/>\n<meta property=\"og:description\" content=\"[vc_row][vc_column][\/vc_column][\/vc_row]\" \/>\n<meta property=\"og:url\" content=\"https:\/\/amenity.cz\/de\/informationen-uber-die-verarbeitung-personenbezogener-daten\/\" \/>\n<meta property=\"og:site_name\" content=\"Amenity Resorts\" \/>\n<meta property=\"article:publisher\" content=\"https:\/\/www.facebook.com\/amenityresorts\" \/>\n<meta property=\"article:modified_time\" content=\"2025-10-06T14:10:08+00:00\" \/>\n<meta property=\"og:image\" content=\"https:\/\/amenity.cz\/wp-content\/uploads\/2025\/10\/amenity-resorts-domov-uprostred-prirody.jpg\" \/>\n\t<meta property=\"og:image:width\" content=\"1200\" \/>\n\t<meta property=\"og:image:height\" content=\"675\" \/>\n\t<meta property=\"og:image:type\" content=\"image\/jpeg\" \/>\n<meta name=\"twitter:card\" content=\"summary_large_image\" \/>\n<meta name=\"twitter:site\" content=\"@amenityresorts\" \/>\n<meta name=\"twitter:label1\" content=\"Gesch\u00e4tzte Lesezeit\" \/>\n\t<meta name=\"twitter:data1\" content=\"10\u00a0Minuten\" \/>\n<script type=\"application\/ld+json\" class=\"yoast-schema-graph\">{\"@context\":\"https:\\\/\\\/schema.org\",\"@graph\":[{\"@type\":\"WebPage\",\"@id\":\"https:\\\/\\\/amenity.cz\\\/de\\\/informationen-uber-die-verarbeitung-personenbezogener-daten\\\/\",\"url\":\"https:\\\/\\\/amenity.cz\\\/de\\\/informationen-uber-die-verarbeitung-personenbezogener-daten\\\/\",\"name\":\"Informationen \u00fcber die Verarbeitung personenbezogener Daten - Amenity Resorts\",\"isPartOf\":{\"@id\":\"https:\\\/\\\/amenity.cz\\\/de\\\/#website\"},\"datePublished\":\"2025-01-17T07:42:05+00:00\",\"dateModified\":\"2025-10-06T14:10:08+00:00\",\"breadcrumb\":{\"@id\":\"https:\\\/\\\/amenity.cz\\\/de\\\/informationen-uber-die-verarbeitung-personenbezogener-daten\\\/#breadcrumb\"},\"inLanguage\":\"de\",\"potentialAction\":[{\"@type\":\"ReadAction\",\"target\":[\"https:\\\/\\\/amenity.cz\\\/de\\\/informationen-uber-die-verarbeitung-personenbezogener-daten\\\/\"]}]},{\"@type\":\"BreadcrumbList\",\"@id\":\"https:\\\/\\\/amenity.cz\\\/de\\\/informationen-uber-die-verarbeitung-personenbezogener-daten\\\/#breadcrumb\",\"itemListElement\":[{\"@type\":\"ListItem\",\"position\":1,\"name\":\"Dom\u016f\",\"item\":\"https:\\\/\\\/amenity.cz\\\/de\\\/\"},{\"@type\":\"ListItem\",\"position\":2,\"name\":\"Informationen \u00fcber die Verarbeitung personenbezogener Daten\"}]},{\"@type\":\"WebSite\",\"@id\":\"https:\\\/\\\/amenity.cz\\\/de\\\/#website\",\"url\":\"https:\\\/\\\/amenity.cz\\\/de\\\/\",\"name\":\"Amenity Resorts\",\"description\":\"\u010cesk\u00fd hotelov\u00fd \u0159et\u011bzec\",\"alternateName\":\"Amenity Hotels & Resorts\",\"potentialAction\":[{\"@type\":\"SearchAction\",\"target\":{\"@type\":\"EntryPoint\",\"urlTemplate\":\"https:\\\/\\\/amenity.cz\\\/de\\\/?s={search_term_string}\"},\"query-input\":{\"@type\":\"PropertyValueSpecification\",\"valueRequired\":true,\"valueName\":\"search_term_string\"}}],\"inLanguage\":\"de\"}]}<\/script>\n<!-- \/ Yoast SEO Premium plugin. -->","yoast_head_json":{"title":"Informationen \u00fcber die Verarbeitung personenbezogener Daten - Amenity Resorts","robots":{"index":"index","follow":"follow","max-snippet":"max-snippet:-1","max-image-preview":"max-image-preview:large","max-video-preview":"max-video-preview:-1"},"canonical":"https:\/\/amenity.cz\/de\/informationen-uber-die-verarbeitung-personenbezogener-daten\/","og_locale":"de_DE","og_type":"article","og_title":"Informationen \u00fcber die Verarbeitung personenbezogener Daten","og_description":"[vc_row][vc_column][\/vc_column][\/vc_row]","og_url":"https:\/\/amenity.cz\/de\/informationen-uber-die-verarbeitung-personenbezogener-daten\/","og_site_name":"Amenity Resorts","article_publisher":"https:\/\/www.facebook.com\/amenityresorts","article_modified_time":"2025-10-06T14:10:08+00:00","og_image":[{"width":1200,"height":675,"url":"https:\/\/amenity.cz\/wp-content\/uploads\/2025\/10\/amenity-resorts-domov-uprostred-prirody.jpg","type":"image\/jpeg"}],"twitter_card":"summary_large_image","twitter_site":"@amenityresorts","twitter_misc":{"Gesch\u00e4tzte Lesezeit":"10\u00a0Minuten"},"schema":{"@context":"https:\/\/schema.org","@graph":[{"@type":"WebPage","@id":"https:\/\/amenity.cz\/de\/informationen-uber-die-verarbeitung-personenbezogener-daten\/","url":"https:\/\/amenity.cz\/de\/informationen-uber-die-verarbeitung-personenbezogener-daten\/","name":"Informationen \u00fcber die Verarbeitung personenbezogener Daten - Amenity Resorts","isPartOf":{"@id":"https:\/\/amenity.cz\/de\/#website"},"datePublished":"2025-01-17T07:42:05+00:00","dateModified":"2025-10-06T14:10:08+00:00","breadcrumb":{"@id":"https:\/\/amenity.cz\/de\/informationen-uber-die-verarbeitung-personenbezogener-daten\/#breadcrumb"},"inLanguage":"de","potentialAction":[{"@type":"ReadAction","target":["https:\/\/amenity.cz\/de\/informationen-uber-die-verarbeitung-personenbezogener-daten\/"]}]},{"@type":"BreadcrumbList","@id":"https:\/\/amenity.cz\/de\/informationen-uber-die-verarbeitung-personenbezogener-daten\/#breadcrumb","itemListElement":[{"@type":"ListItem","position":1,"name":"Dom\u016f","item":"https:\/\/amenity.cz\/de\/"},{"@type":"ListItem","position":2,"name":"Informationen \u00fcber die Verarbeitung personenbezogener Daten"}]},{"@type":"WebSite","@id":"https:\/\/amenity.cz\/de\/#website","url":"https:\/\/amenity.cz\/de\/","name":"Amenity Resorts","description":"\u010cesk\u00fd hotelov\u00fd \u0159et\u011bzec","alternateName":"Amenity Hotels & Resorts","potentialAction":[{"@type":"SearchAction","target":{"@type":"EntryPoint","urlTemplate":"https:\/\/amenity.cz\/de\/?s={search_term_string}"},"query-input":{"@type":"PropertyValueSpecification","valueRequired":true,"valueName":"search_term_string"}}],"inLanguage":"de"}]}},"_links":{"self":[{"href":"https:\/\/amenity.cz\/de\/wp-json\/wp\/v2\/pages\/15413","targetHints":{"allow":["GET"]}}],"collection":[{"href":"https:\/\/amenity.cz\/de\/wp-json\/wp\/v2\/pages"}],"about":[{"href":"https:\/\/amenity.cz\/de\/wp-json\/wp\/v2\/types\/page"}],"author":[{"embeddable":true,"href":"https:\/\/amenity.cz\/de\/wp-json\/wp\/v2\/users\/3"}],"replies":[{"embeddable":true,"href":"https:\/\/amenity.cz\/de\/wp-json\/wp\/v2\/comments?post=15413"}],"version-history":[{"count":4,"href":"https:\/\/amenity.cz\/de\/wp-json\/wp\/v2\/pages\/15413\/revisions"}],"predecessor-version":[{"id":17068,"href":"https:\/\/amenity.cz\/de\/wp-json\/wp\/v2\/pages\/15413\/revisions\/17068"}],"wp:attachment":[{"href":"https:\/\/amenity.cz\/de\/wp-json\/wp\/v2\/media?parent=15413"}],"curies":[{"name":"wp","href":"https:\/\/api.w.org\/{rel}","templated":true}]}}