{"id":15839,"date":"2025-05-13T13:44:28","date_gmt":"2025-05-13T11:44:28","guid":{"rendered":"https:\/\/amenity.cz\/?page_id=15839"},"modified":"2025-05-13T14:02:35","modified_gmt":"2025-05-13T12:02:35","slug":"vorteilsprogrammen","status":"publish","type":"page","link":"https:\/\/amenity.cz\/de\/vorteilsprogrammen\/","title":{"rendered":"Vorteilsprogrammen"},"content":{"rendered":"<div class=\"wpb-content-wrapper\"><p>[vc_row][vc_column]<div  class=\"empty-space  marg-lg-b35\"><\/div>[vc_separator color=&#8221;custom&#8221; border_width=&#8221;2&#8243; el_width=&#8221;50&#8243; accent_color=&#8221;#c7b39a&#8221;]<div  class=\"main-heading\"><span class=\"subtitle\">Erfahrung als Vorteil<\/span><h2 class=\"title\">Wir sind Partner von Vorteilsprogrammen<\/h2><\/div><div  class=\"empty-space  marg-lg-b25\"><\/div>[vc_separator color=&#8221;custom&#8221; border_width=&#8221;2&#8243; el_width=&#8221;50&#8243; accent_color=&#8221;#c7b39a&#8221;]<div  class=\"empty-space  marg-lg-b10\"><\/div>[\/vc_column][\/vc_row][vc_row][vc_column]<div class=\"text-block \" ><div class=\"simple-text \"><p style=\"text-align: center;\"><strong>Verwandeln Sie die Vorteile Ihres Arbeitgebers in ein Erlebnis. Machen Sie Urlaub oder genie\u00dfen Sie wertvolle Zeit mit Ihren Lieben in den Amenity Hotels &amp; Resorts!<\/strong><\/p>\n<p style=\"text-align: center;\">Die meisten Unternehmen legen heutzutage gro\u00dfen Wert auf die Zufriedenheit ihrer Mitarbeiter und belohnen sie jedes Jahr mit Gutschriften, die jeder nach Belieben einl\u00f6sen kann. Amenity Hotels &amp; Resorts ist einer der Partner, bei denen Sie diese Gutschriften f\u00fcr Ihren Aufenthalt oder Dienstleistungen in einem unserer Resorts einl\u00f6sen k\u00f6nnen.<\/p>\n<p style=\"text-align: center;\">Wenn Sie das Benefit Plus-Programm nutzen oder eine dieser Karten besitzen (Flexi Pass Card, Edenred Card, eBenefity Card), k\u00f6nnen Sie damit die Unterkunft und zus\u00e4tzliche Leistungen wie Wellness, Fitness oder Bowling bezahlen.<\/p>\n<p style=\"text-align: center;\"><strong>W\u00e4hlen Sie ein Erlebnis als Ihre Verg\u00fcnstigung.<\/strong><\/p>\n<p style=\"text-align: center;\">Wir akzeptieren keine Papiergutscheine von Unternehmen in unserem Resort-Netzwerk.<\/p>\n<p style=\"text-align: center;\"><strong>Wenn Sie \u00fcber das Benefit Plus- oder Pluxee-Vorteilsprogramm reservieren m\u00f6chten, w\u00e4hlen Sie im Reservierungssystem f\u00fcr die ausgew\u00e4hlte Unterkunftsart die Option \u201eZahlung per Bank\u00fcberweisung\u201c. Bitte geben Sie im Kommentarfeld der Reservierung an, welches Vorteilsprogramm Sie nutzen. Die Rezeption des Resorts wird sich mit weiteren Informationen zur Bezahlung Ihrer Reservierung mit Ihnen in Verbindung setzen.<\/strong><\/p>\n<\/div><\/div><div  class=\"empty-space  marg-lg-b25\"><\/div>[\/vc_column][\/vc_row][vc_row content_placement=&#8221;middle&#8221;][vc_column width=&#8221;1\/5&#8243; css=&#8221;.vc_custom_1614760174321{padding-right: 15px !important;padding-left: 15px !important;}&#8221;][vc_single_image image=&#8221;8359&#8243; alignment=&#8221;center&#8221;][\/vc_column][vc_column width=&#8221;1\/5&#8243; css=&#8221;.vc_custom_1614760202197{padding-right: 15px !important;padding-left: 15px !important;}&#8221;][vc_single_image image=&#8221;8383&#8243; alignment=&#8221;center&#8221;][\/vc_column][vc_column width=&#8221;1\/5&#8243; css=&#8221;.vc_custom_1614760212563{padding-right: 15px !important;padding-left: 15px !important;}&#8221;][vc_single_image image=&#8221;8362&#8243; alignment=&#8221;center&#8221;][\/vc_column][vc_column width=&#8221;1\/5&#8243; css=&#8221;.vc_custom_1614760233019{padding-right: 15px !important;padding-left: 15px !important;}&#8221;][vc_single_image image=&#8221;8365&#8243; alignment=&#8221;center&#8221;][\/vc_column][vc_column width=&#8221;1\/5&#8243;][vc_single_image image=&#8221;13564&#8243; alignment=&#8221;center&#8221;][\/vc_column][\/vc_row][vc_row][vc_column]<div  class=\"empty-space  marg-lg-b25\"><\/div>[\/vc_column][\/vc_row][vc_row full_width=&#8221;stretch_row&#8221;][vc_column offset=&#8221;vc_hidden-sm vc_hidden-xs&#8221;]\t\t\t<rs-module-wrap id=\"rev_slider_error_1_wrapper\">\n\t\t\t\t<rs-module id=\"rev_slider_error_1\">\n\t\t\t\t\t<div class=\"rs_error_message_box\">\n\t\t\t\t\t\t<div class=\"rs_error_message_oops\">There is nothing to show here!<\/div>\n\t\t\t\t\t\t<div class=\"rs_error_message_content\">Slider with alias RESORTY-de not found.<\/div>\n\t\t\t\t\t<\/div>\n\t\t\t\t<\/rs-module>\n\t\t\t<\/rs-module-wrap>\n\t\t\t<script>\n\t\t\t\tvar rs_eslider = document.getElementById(\"rev_slider_error_1\");\n\t\t\t\trs_eslider.style.display = \"none\";\n\t\t\t\tconsole.log(\"Slider with alias RESORTY-de not found.\");\n\t\t\t<\/script>\n[\/vc_column][\/vc_row]<\/p>\n<\/div>","protected":false},"excerpt":{"rendered":"<p>[vc_row][vc_column][vc_separator color=&#8221;custom&#8221; border_width=&#8221;2&#8243; el_width=&#8221;50&#8243; accent_color=&#8221;#c7b39a&#8221;][vc_separator color=&#8221;custom&#8221; border_width=&#8221;2&#8243; el_width=&#8221;50&#8243; accent_color=&#8221;#c7b39a&#8221;][\/vc_column][\/vc_row][vc_row][vc_column][\/vc_column][\/vc_row][vc_row content_placement=&#8221;middle&#8221;][vc_column width=&#8221;1\/5&#8243; css=&#8221;.vc_custom_1614760174321{padding-right: 15px !important;padding-left: 15px !important;}&#8221;][vc_single_image image=&#8221;8359&#8243; alignment=&#8221;center&#8221;][\/vc_column][vc_column width=&#8221;1\/5&#8243; css=&#8221;.vc_custom_1614760202197{padding-right: 15px !important;padding-left: 15px !important;}&#8221;][vc_single_image image=&#8221;8383&#8243; alignment=&#8221;center&#8221;][\/vc_column][vc_column width=&#8221;1\/5&#8243; css=&#8221;.vc_custom_1614760212563{padding-right: 15px !important;padding-left:<\/p>\n","protected":false},"author":3,"featured_media":0,"parent":0,"menu_order":0,"comment_status":"closed","ping_status":"closed","template":"","meta":{"footnotes":""},"class_list":["post-15839","page","type-page","status-publish","hentry"],"yoast_head":"<!-- This site is optimized with the Yoast SEO Premium plugin v27.3 (Yoast SEO v27.3) - https:\/\/yoast.com\/product\/yoast-seo-premium-wordpress\/ -->\n<title>Vorteilsprogrammen - Amenity Resorts<\/title>\n<meta name=\"robots\" content=\"index, follow, max-snippet:-1, max-image-preview:large, max-video-preview:-1\" \/>\n<link rel=\"canonical\" href=\"https:\/\/amenity.cz\/de\/vorteilsprogrammen\/\" \/>\n<meta property=\"og:locale\" content=\"de_DE\" \/>\n<meta property=\"og:type\" content=\"article\" \/>\n<meta property=\"og:title\" content=\"Vorteilsprogrammen\" \/>\n<meta property=\"og:description\" content=\"[vc_row][vc_column][vc_separator color=&#8221;custom&#8221; border_width=&#8221;2&#8243; el_width=&#8221;50&#8243; accent_color=&#8221;#c7b39a&#8221;][vc_separator color=&#8221;custom&#8221; border_width=&#8221;2&#8243; el_width=&#8221;50&#8243; accent_color=&#8221;#c7b39a&#8221;][\/vc_column][\/vc_row][vc_row][vc_column][\/vc_column][\/vc_row][vc_row content_placement=&#8221;middle&#8221;][vc_column width=&#8221;1\/5&#8243; css=&#8221;.vc_custom_1614760174321{padding-right: 15px !important;padding-left: 15px !important;}&#8221;][vc_single_image image=&#8221;8359&#8243; alignment=&#8221;center&#8221;][\/vc_column][vc_column width=&#8221;1\/5&#8243; css=&#8221;.vc_custom_1614760202197{padding-right: 15px !important;padding-left: 15px !important;}&#8221;][vc_single_image image=&#8221;8383&#8243; alignment=&#8221;center&#8221;][\/vc_column][vc_column width=&#8221;1\/5&#8243; css=&#8221;.vc_custom_1614760212563{padding-right: 15px !important;padding-left:\" \/>\n<meta property=\"og:url\" content=\"https:\/\/amenity.cz\/de\/vorteilsprogrammen\/\" \/>\n<meta property=\"og:site_name\" content=\"Amenity Resorts\" \/>\n<meta property=\"article:publisher\" content=\"https:\/\/www.facebook.com\/amenityresorts\" \/>\n<meta property=\"article:modified_time\" content=\"2025-05-13T12:02:35+00:00\" \/>\n<meta property=\"og:image\" content=\"https:\/\/amenity.cz\/wp-content\/uploads\/2025\/10\/amenity-resorts-domov-uprostred-prirody.jpg\" \/>\n\t<meta property=\"og:image:width\" content=\"1200\" \/>\n\t<meta property=\"og:image:height\" content=\"675\" \/>\n\t<meta property=\"og:image:type\" content=\"image\/jpeg\" \/>\n<meta name=\"twitter:card\" content=\"summary_large_image\" \/>\n<meta name=\"twitter:site\" content=\"@amenityresorts\" \/>\n<meta name=\"twitter:label1\" content=\"Gesch\u00e4tzte Lesezeit\" \/>\n\t<meta name=\"twitter:data1\" content=\"3\u00a0Minuten\" \/>\n<script type=\"application\/ld+json\" class=\"yoast-schema-graph\">{\"@context\":\"https:\\\/\\\/schema.org\",\"@graph\":[{\"@type\":\"WebPage\",\"@id\":\"https:\\\/\\\/amenity.cz\\\/de\\\/vorteilsprogrammen\\\/\",\"url\":\"https:\\\/\\\/amenity.cz\\\/de\\\/vorteilsprogrammen\\\/\",\"name\":\"Vorteilsprogrammen - Amenity Resorts\",\"isPartOf\":{\"@id\":\"https:\\\/\\\/amenity.cz\\\/de\\\/#website\"},\"datePublished\":\"2025-05-13T11:44:28+00:00\",\"dateModified\":\"2025-05-13T12:02:35+00:00\",\"breadcrumb\":{\"@id\":\"https:\\\/\\\/amenity.cz\\\/de\\\/vorteilsprogrammen\\\/#breadcrumb\"},\"inLanguage\":\"de\",\"potentialAction\":[{\"@type\":\"ReadAction\",\"target\":[\"https:\\\/\\\/amenity.cz\\\/de\\\/vorteilsprogrammen\\\/\"]}]},{\"@type\":\"BreadcrumbList\",\"@id\":\"https:\\\/\\\/amenity.cz\\\/de\\\/vorteilsprogrammen\\\/#breadcrumb\",\"itemListElement\":[{\"@type\":\"ListItem\",\"position\":1,\"name\":\"Dom\u016f\",\"item\":\"https:\\\/\\\/amenity.cz\\\/de\\\/\"},{\"@type\":\"ListItem\",\"position\":2,\"name\":\"Vorteilsprogrammen\"}]},{\"@type\":\"WebSite\",\"@id\":\"https:\\\/\\\/amenity.cz\\\/de\\\/#website\",\"url\":\"https:\\\/\\\/amenity.cz\\\/de\\\/\",\"name\":\"Amenity Resorts\",\"description\":\"\u010cesk\u00fd hotelov\u00fd \u0159et\u011bzec\",\"alternateName\":\"Amenity Hotels & Resorts\",\"potentialAction\":[{\"@type\":\"SearchAction\",\"target\":{\"@type\":\"EntryPoint\",\"urlTemplate\":\"https:\\\/\\\/amenity.cz\\\/de\\\/?s={search_term_string}\"},\"query-input\":{\"@type\":\"PropertyValueSpecification\",\"valueRequired\":true,\"valueName\":\"search_term_string\"}}],\"inLanguage\":\"de\"}]}<\/script>\n<!-- \/ Yoast SEO Premium plugin. -->","yoast_head_json":{"title":"Vorteilsprogrammen - Amenity Resorts","robots":{"index":"index","follow":"follow","max-snippet":"max-snippet:-1","max-image-preview":"max-image-preview:large","max-video-preview":"max-video-preview:-1"},"canonical":"https:\/\/amenity.cz\/de\/vorteilsprogrammen\/","og_locale":"de_DE","og_type":"article","og_title":"Vorteilsprogrammen","og_description":"[vc_row][vc_column][vc_separator color=&#8221;custom&#8221; border_width=&#8221;2&#8243; el_width=&#8221;50&#8243; accent_color=&#8221;#c7b39a&#8221;][vc_separator color=&#8221;custom&#8221; border_width=&#8221;2&#8243; el_width=&#8221;50&#8243; accent_color=&#8221;#c7b39a&#8221;][\/vc_column][\/vc_row][vc_row][vc_column][\/vc_column][\/vc_row][vc_row content_placement=&#8221;middle&#8221;][vc_column width=&#8221;1\/5&#8243; css=&#8221;.vc_custom_1614760174321{padding-right: 15px !important;padding-left: 15px !important;}&#8221;][vc_single_image image=&#8221;8359&#8243; alignment=&#8221;center&#8221;][\/vc_column][vc_column width=&#8221;1\/5&#8243; css=&#8221;.vc_custom_1614760202197{padding-right: 15px !important;padding-left: 15px !important;}&#8221;][vc_single_image image=&#8221;8383&#8243; alignment=&#8221;center&#8221;][\/vc_column][vc_column width=&#8221;1\/5&#8243; css=&#8221;.vc_custom_1614760212563{padding-right: 15px !important;padding-left:","og_url":"https:\/\/amenity.cz\/de\/vorteilsprogrammen\/","og_site_name":"Amenity Resorts","article_publisher":"https:\/\/www.facebook.com\/amenityresorts","article_modified_time":"2025-05-13T12:02:35+00:00","og_image":[{"width":1200,"height":675,"url":"https:\/\/amenity.cz\/wp-content\/uploads\/2025\/10\/amenity-resorts-domov-uprostred-prirody.jpg","type":"image\/jpeg"}],"twitter_card":"summary_large_image","twitter_site":"@amenityresorts","twitter_misc":{"Gesch\u00e4tzte Lesezeit":"3\u00a0Minuten"},"schema":{"@context":"https:\/\/schema.org","@graph":[{"@type":"WebPage","@id":"https:\/\/amenity.cz\/de\/vorteilsprogrammen\/","url":"https:\/\/amenity.cz\/de\/vorteilsprogrammen\/","name":"Vorteilsprogrammen - Amenity Resorts","isPartOf":{"@id":"https:\/\/amenity.cz\/de\/#website"},"datePublished":"2025-05-13T11:44:28+00:00","dateModified":"2025-05-13T12:02:35+00:00","breadcrumb":{"@id":"https:\/\/amenity.cz\/de\/vorteilsprogrammen\/#breadcrumb"},"inLanguage":"de","potentialAction":[{"@type":"ReadAction","target":["https:\/\/amenity.cz\/de\/vorteilsprogrammen\/"]}]},{"@type":"BreadcrumbList","@id":"https:\/\/amenity.cz\/de\/vorteilsprogrammen\/#breadcrumb","itemListElement":[{"@type":"ListItem","position":1,"name":"Dom\u016f","item":"https:\/\/amenity.cz\/de\/"},{"@type":"ListItem","position":2,"name":"Vorteilsprogrammen"}]},{"@type":"WebSite","@id":"https:\/\/amenity.cz\/de\/#website","url":"https:\/\/amenity.cz\/de\/","name":"Amenity Resorts","description":"\u010cesk\u00fd hotelov\u00fd \u0159et\u011bzec","alternateName":"Amenity Hotels & Resorts","potentialAction":[{"@type":"SearchAction","target":{"@type":"EntryPoint","urlTemplate":"https:\/\/amenity.cz\/de\/?s={search_term_string}"},"query-input":{"@type":"PropertyValueSpecification","valueRequired":true,"valueName":"search_term_string"}}],"inLanguage":"de"}]}},"_links":{"self":[{"href":"https:\/\/amenity.cz\/de\/wp-json\/wp\/v2\/pages\/15839","targetHints":{"allow":["GET"]}}],"collection":[{"href":"https:\/\/amenity.cz\/de\/wp-json\/wp\/v2\/pages"}],"about":[{"href":"https:\/\/amenity.cz\/de\/wp-json\/wp\/v2\/types\/page"}],"author":[{"embeddable":true,"href":"https:\/\/amenity.cz\/de\/wp-json\/wp\/v2\/users\/3"}],"replies":[{"embeddable":true,"href":"https:\/\/amenity.cz\/de\/wp-json\/wp\/v2\/comments?post=15839"}],"version-history":[{"count":3,"href":"https:\/\/amenity.cz\/de\/wp-json\/wp\/v2\/pages\/15839\/revisions"}],"predecessor-version":[{"id":15902,"href":"https:\/\/amenity.cz\/de\/wp-json\/wp\/v2\/pages\/15839\/revisions\/15902"}],"wp:attachment":[{"href":"https:\/\/amenity.cz\/de\/wp-json\/wp\/v2\/media?parent=15839"}],"curies":[{"name":"wp","href":"https:\/\/api.w.org\/{rel}","templated":true}]}}