{"id":17248,"date":"2025-11-03T13:18:37","date_gmt":"2025-11-03T11:18:37","guid":{"rendered":"https:\/\/amenity.cz\/?page_id=17248"},"modified":"2025-11-03T13:18:37","modified_gmt":"2025-11-03T11:18:37","slug":"ueber-cookies","status":"publish","type":"page","link":"https:\/\/amenity.cz\/de\/ueber-cookies\/","title":{"rendered":"\u00dcber Cookies"},"content":{"rendered":"<div class=\"wpb-content-wrapper\"><p>[vc_row][vc_column][\/vc_column][\/vc_row][vc_row][vc_column]<div class=\"text-block \" ><div class=\"simple-text \"><h1>\u00dcber Cookies<\/h1>\n<p><strong>Kontaktdaten des Verantwortlichen:<\/strong><\/p>\n<p>E-Mail: marketing@amenity.cz<\/p>\n<p><strong>Bedingungen und Hinweise:<\/strong><\/p>\n<p>Auf unserer Website sammeln wir die folgenden Cookies f\u00fcr die unten angegebenen Zwecke und mit der maximalen Verarbeitungsdauer:<\/p>\n<table cellspacing=\"0\" cellpadding=\"0\">\n<tbody>\n<tr>\n<td width=\"130\"><strong>Typ<\/strong><\/td>\n<td width=\"130\"><strong>Name<\/strong><\/td>\n<td width=\"293\"><strong>Zweck<\/strong><\/td>\n<td width=\"142\"><strong>Maximale Verarbeitungsdauer<\/strong><\/td>\n<\/tr>\n<tr>\n<td width=\"92\">Cookies von Drittanbietern<\/td>\n<td width=\"87\">Google Analytics<\/td>\n<td width=\"293\">Erfassung statistischer Informationen, Retargeting gem\u00e4\u00df<\/td>\n<td width=\"142\">den Einstellungen bzw. der Art der Nutzung des Internetbrowsers<\/td>\n<\/tr>\n<tr>\n<td width=\"92\">Cookies von Drittanbietern<\/td>\n<td width=\"87\">Google Ads<\/td>\n<td width=\"293\">Identifizierung innerhalb des Werbenetzwerks von Google, Retargeting<\/td>\n<td width=\"142\">540 Tage<\/td>\n<\/tr>\n<tr>\n<td width=\"120\">Cookies von Drittanbietern<\/td>\n<td width=\"87\">Facebook<\/td>\n<td width=\"293\">Identifizierung innerhalb des Werbenetzwerks von Facebook, Retargeting<\/td>\n<td width=\"142\">180 Tage<\/td>\n<\/tr>\n<tr>\n<td width=\"92\">Cookies von Drittanbietern<\/td>\n<td width=\"87\">Seznam &#8211; Sklik<\/td>\n<td width=\"293\">Identifizierung innerhalb des Werbenetzwerks von Seznam, erneute Ausrichtung von Werbung (Retargeting)<\/td>\n<td width=\"142\">540 Tage<\/td>\n<\/tr>\n<\/tbody>\n<\/table>\n<p>Bei Cookies ist dies durch eine \u00c4nderung der Einstellungen des Internetbrowsers m\u00f6glich. Die Website kann auch in einem Modus betrachtet und genutzt werden, der das Sammeln von Cookies bzw. Daten \u00fcber das Verhalten des Website-Besuchers nicht zul\u00e4sst. G\u00e4ngige Internetbrowser erm\u00f6glichen die Einstellung der Arbeit mit Cookies,<\/p>\n<p>Der Verwalter beh\u00e4lt sich das Recht vor, diese Bedingungen und Hinweise zum Schutz personenbezogener Daten im Rahmen der geltenden Gesetzgebung jederzeit zu \u00e4ndern und zu erg\u00e4nzen. Der aktuelle Stand wird immer auf diesen Seiten und der Datenschutz auf der Seite <a href=\"https:\/\/amenity.cz\/de\/informationen-uber-die-verarbeitung-personenbezogener-daten\/\">hier<\/a> ver\u00f6ffentlicht.<\/p>\n<\/div><\/div>[\/vc_column][\/vc_row]<\/p>\n<\/div>","protected":false},"excerpt":{"rendered":"<p>[vc_row][vc_column][\/vc_column][\/vc_row][vc_row][vc_column][\/vc_column][\/vc_row]<\/p>\n","protected":false},"author":3,"featured_media":0,"parent":0,"menu_order":0,"comment_status":"closed","ping_status":"closed","template":"","meta":{"footnotes":""},"class_list":["post-17248","page","type-page","status-publish","hentry"],"yoast_head":"<!-- This site is optimized with the Yoast SEO Premium plugin v27.3 (Yoast SEO v27.3) - https:\/\/yoast.com\/product\/yoast-seo-premium-wordpress\/ -->\n<title>\u00dcber Cookies - Amenity Resorts<\/title>\n<meta name=\"robots\" content=\"index, follow, max-snippet:-1, max-image-preview:large, max-video-preview:-1\" \/>\n<link rel=\"canonical\" href=\"https:\/\/amenity.cz\/de\/ueber-cookies\/\" \/>\n<meta property=\"og:locale\" content=\"de_DE\" \/>\n<meta property=\"og:type\" content=\"article\" \/>\n<meta property=\"og:title\" content=\"\u00dcber Cookies\" \/>\n<meta property=\"og:description\" content=\"[vc_row][vc_column][\/vc_column][\/vc_row][vc_row][vc_column][\/vc_column][\/vc_row]\" \/>\n<meta property=\"og:url\" content=\"https:\/\/amenity.cz\/de\/ueber-cookies\/\" \/>\n<meta property=\"og:site_name\" content=\"Amenity Resorts\" \/>\n<meta property=\"article:publisher\" content=\"https:\/\/www.facebook.com\/amenityresorts\" \/>\n<meta property=\"og:image\" content=\"https:\/\/amenity.cz\/wp-content\/uploads\/2025\/10\/amenity-resorts-domov-uprostred-prirody.jpg\" \/>\n\t<meta property=\"og:image:width\" content=\"1200\" \/>\n\t<meta property=\"og:image:height\" content=\"675\" \/>\n\t<meta property=\"og:image:type\" content=\"image\/jpeg\" \/>\n<meta name=\"twitter:card\" content=\"summary_large_image\" \/>\n<meta name=\"twitter:site\" content=\"@amenityresorts\" \/>\n<meta name=\"twitter:label1\" content=\"Gesch\u00e4tzte Lesezeit\" \/>\n\t<meta name=\"twitter:data1\" content=\"2\u00a0Minuten\" \/>\n<script type=\"application\/ld+json\" class=\"yoast-schema-graph\">{\"@context\":\"https:\\\/\\\/schema.org\",\"@graph\":[{\"@type\":\"WebPage\",\"@id\":\"https:\\\/\\\/amenity.cz\\\/de\\\/ueber-cookies\\\/\",\"url\":\"https:\\\/\\\/amenity.cz\\\/de\\\/ueber-cookies\\\/\",\"name\":\"\u00dcber Cookies - Amenity Resorts\",\"isPartOf\":{\"@id\":\"https:\\\/\\\/amenity.cz\\\/de\\\/#website\"},\"datePublished\":\"2025-11-03T11:18:37+00:00\",\"breadcrumb\":{\"@id\":\"https:\\\/\\\/amenity.cz\\\/de\\\/ueber-cookies\\\/#breadcrumb\"},\"inLanguage\":\"de\",\"potentialAction\":[{\"@type\":\"ReadAction\",\"target\":[\"https:\\\/\\\/amenity.cz\\\/de\\\/ueber-cookies\\\/\"]}]},{\"@type\":\"BreadcrumbList\",\"@id\":\"https:\\\/\\\/amenity.cz\\\/de\\\/ueber-cookies\\\/#breadcrumb\",\"itemListElement\":[{\"@type\":\"ListItem\",\"position\":1,\"name\":\"Dom\u016f\",\"item\":\"https:\\\/\\\/amenity.cz\\\/de\\\/\"},{\"@type\":\"ListItem\",\"position\":2,\"name\":\"\u00dcber Cookies\"}]},{\"@type\":\"WebSite\",\"@id\":\"https:\\\/\\\/amenity.cz\\\/de\\\/#website\",\"url\":\"https:\\\/\\\/amenity.cz\\\/de\\\/\",\"name\":\"Amenity Resorts\",\"description\":\"\u010cesk\u00fd hotelov\u00fd \u0159et\u011bzec\",\"alternateName\":\"Amenity Hotels & Resorts\",\"potentialAction\":[{\"@type\":\"SearchAction\",\"target\":{\"@type\":\"EntryPoint\",\"urlTemplate\":\"https:\\\/\\\/amenity.cz\\\/de\\\/?s={search_term_string}\"},\"query-input\":{\"@type\":\"PropertyValueSpecification\",\"valueRequired\":true,\"valueName\":\"search_term_string\"}}],\"inLanguage\":\"de\"}]}<\/script>\n<!-- \/ Yoast SEO Premium plugin. -->","yoast_head_json":{"title":"\u00dcber Cookies - Amenity Resorts","robots":{"index":"index","follow":"follow","max-snippet":"max-snippet:-1","max-image-preview":"max-image-preview:large","max-video-preview":"max-video-preview:-1"},"canonical":"https:\/\/amenity.cz\/de\/ueber-cookies\/","og_locale":"de_DE","og_type":"article","og_title":"\u00dcber Cookies","og_description":"[vc_row][vc_column][\/vc_column][\/vc_row][vc_row][vc_column][\/vc_column][\/vc_row]","og_url":"https:\/\/amenity.cz\/de\/ueber-cookies\/","og_site_name":"Amenity Resorts","article_publisher":"https:\/\/www.facebook.com\/amenityresorts","og_image":[{"width":1200,"height":675,"url":"https:\/\/amenity.cz\/wp-content\/uploads\/2025\/10\/amenity-resorts-domov-uprostred-prirody.jpg","type":"image\/jpeg"}],"twitter_card":"summary_large_image","twitter_site":"@amenityresorts","twitter_misc":{"Gesch\u00e4tzte Lesezeit":"2\u00a0Minuten"},"schema":{"@context":"https:\/\/schema.org","@graph":[{"@type":"WebPage","@id":"https:\/\/amenity.cz\/de\/ueber-cookies\/","url":"https:\/\/amenity.cz\/de\/ueber-cookies\/","name":"\u00dcber Cookies - Amenity Resorts","isPartOf":{"@id":"https:\/\/amenity.cz\/de\/#website"},"datePublished":"2025-11-03T11:18:37+00:00","breadcrumb":{"@id":"https:\/\/amenity.cz\/de\/ueber-cookies\/#breadcrumb"},"inLanguage":"de","potentialAction":[{"@type":"ReadAction","target":["https:\/\/amenity.cz\/de\/ueber-cookies\/"]}]},{"@type":"BreadcrumbList","@id":"https:\/\/amenity.cz\/de\/ueber-cookies\/#breadcrumb","itemListElement":[{"@type":"ListItem","position":1,"name":"Dom\u016f","item":"https:\/\/amenity.cz\/de\/"},{"@type":"ListItem","position":2,"name":"\u00dcber Cookies"}]},{"@type":"WebSite","@id":"https:\/\/amenity.cz\/de\/#website","url":"https:\/\/amenity.cz\/de\/","name":"Amenity Resorts","description":"\u010cesk\u00fd hotelov\u00fd \u0159et\u011bzec","alternateName":"Amenity Hotels & Resorts","potentialAction":[{"@type":"SearchAction","target":{"@type":"EntryPoint","urlTemplate":"https:\/\/amenity.cz\/de\/?s={search_term_string}"},"query-input":{"@type":"PropertyValueSpecification","valueRequired":true,"valueName":"search_term_string"}}],"inLanguage":"de"}]}},"_links":{"self":[{"href":"https:\/\/amenity.cz\/de\/wp-json\/wp\/v2\/pages\/17248","targetHints":{"allow":["GET"]}}],"collection":[{"href":"https:\/\/amenity.cz\/de\/wp-json\/wp\/v2\/pages"}],"about":[{"href":"https:\/\/amenity.cz\/de\/wp-json\/wp\/v2\/types\/page"}],"author":[{"embeddable":true,"href":"https:\/\/amenity.cz\/de\/wp-json\/wp\/v2\/users\/3"}],"replies":[{"embeddable":true,"href":"https:\/\/amenity.cz\/de\/wp-json\/wp\/v2\/comments?post=17248"}],"version-history":[{"count":1,"href":"https:\/\/amenity.cz\/de\/wp-json\/wp\/v2\/pages\/17248\/revisions"}],"predecessor-version":[{"id":17250,"href":"https:\/\/amenity.cz\/de\/wp-json\/wp\/v2\/pages\/17248\/revisions\/17250"}],"wp:attachment":[{"href":"https:\/\/amenity.cz\/de\/wp-json\/wp\/v2\/media?parent=17248"}],"curies":[{"name":"wp","href":"https:\/\/api.w.org\/{rel}","templated":true}]}}