{"id":3936,"date":"2019-10-14T11:35:58","date_gmt":"2019-10-14T09:35:58","guid":{"rendered":"http:\/\/amenity.cz\/spezialangebote\/"},"modified":"2026-03-26T10:39:05","modified_gmt":"2026-03-26T08:39:05","slug":"spezialangebote","status":"publish","type":"page","link":"https:\/\/amenity.cz\/de\/spezialangebote\/","title":{"rendered":"SPEZIALANGEBOTE"},"content":{"rendered":"<div class=\"wpb-content-wrapper\"><p>[vc_row][vc_column offset=&#8221;vc_hidden-sm vc_hidden-xs&#8221;]\n\t\t\t<!-- START DzimanaseresortyENDE REVOLUTION SLIDER 6.7.4 --><p class=\"rs-p-wp-fix\"><\/p>\n\t\t\t<rs-module-wrap id=\"rev_slider_156_1_wrapper\" data-source=\"gallery\" style=\"visibility:hidden;background:#2b2b2b;padding:0;margin:0px auto;margin-top:0;margin-bottom:0;\">\n\t\t\t\t<rs-module id=\"rev_slider_156_1\" style=\"\" data-version=\"6.7.4\">\n\t\t\t\t\t<rs-slides style=\"overflow: hidden; position: absolute;\">\n\t\t\t\t\t\t<rs-slide style=\"position: absolute;\" data-key=\"rs-564\" data-title=\"Slide\" data-anim=\"adpr:false;e:slidingoverlay;ms:1000ms;\" data-in=\"o:0;y:-100%;\" data-out=\"a:false;\" data-rsparticles='{\"responsive\":false,\"fback\":false,\"particles\":{\"shape\":\":RSV6.3.0+:|__|\\n  <polygon points=\\\"2.87 3.14 2.87 248.14 14.62 248.14 115.43 3.14 2.87 3.14\\\" fill=\\\"#fff\\\"><\\\/polygon>\\n  <path d=\\\"M200.23,55.32c-9,17.61-20.23,22.26-26.67,18.84s-9.37-15.1-.33-32.7,22-27.84,33.32-31.67a67.48,67.48,0,0,1-6.32,45.53M133.63,3.14l102.48,245h11.76V3.14Z\\\" fill=\\\"#fff\\\"><\\\/path>\\n  <path d=\\\"M149,184.18c-2.4,7.55-13.55,13.47-32.29,7.79s-30.79-17.29-36.24-28.52a62.82,62.82,0,0,1,46-3.58c18.75,5.68,25,16.62,22.56,24.31M110.74,66.23a68.65,68.65,0,0,1-4.32,11.84L35,248.14H185.42L114.31,77.85a51.14,51.14,0,0,1-3.57-11.62\\\" fill=\\\"#fff\\\"><\\\/path>\\n::250 250\",\"number\":1000,\"size\":3},\"styles\":{\"border\":{\"color\":\"#000000\"},\"lines\":{\"color\":\"#ff3a2d\",\"opacity\":40},\"particle\":{\"ocolor\":false,\"opacityMin\":25,\"opacityRandom\":true}},\"movement\":{\"speed\":6,\"speedMin\":2,\"direction\":\"bottom-left\",\"straight\":false},\"interactivity\":{\"hoverMode\":\"repulse\",\"clickMode\":\"repulse\"},\"grab\":{\"crawl\":false,\"crawlMaxLines\":5},\"attract\":{\"distance\":200,\"force\":10},\"pulse\":{\"size\":{\"enable\":true,\"speed\":7,\"min\":0.1},\"opacity\":{\"speed\":10}},\"physics\":{\"gravity\":0,\"minGravity\":0,\"gravityDir\":\"bottom\",\"damping\":70,\"hDrift\":0,\"vDrift\":0},\"enable\":true,\"hideOnMobile\":false}'>\n\t\t\t\t\t\t\t<img decoding=\"async\" src=\"\/\/amenity.cz\/wp-content\/plugins\/revslider\/sr6\/assets\/assets\/dummy.png\" alt=\"\" title=\"oh-zima-2022_1600x630_10\" width=\"1600\" height=\"630\" class=\"rev-slidebg tp-rs-img rs-lazyload\" data-lazyload=\"\/\/amenity.cz\/wp-content\/uploads\/2022\/11\/oh-zima-2022_1600x630_10.jpg\" data-bg=\"p:right center;\" data-parallax=\"off\" data-no-retina>\n<!--\n\t\t\t\t\t\t\t--><rs-layer\n\t\t\t\t\t\t\t\tid=\"slider-156-slide-564-layer-1\" \n\t\t\t\t\t\t\t\tdata-type=\"text\"\n\t\t\t\t\t\t\t\tdata-tsh=\"c:rgba(0,0,0,0.51);b:8px;\"\n\t\t\t\t\t\t\t\tdata-rsp_ch=\"on\"\n\t\t\t\t\t\t\t\tdata-xy=\"x:c;xo:0,0,0,-1px;y:m;yo:150px,150px,150px,0;\"\n\t\t\t\t\t\t\t\tdata-text=\"w:normal;s:40,40,40,26;l:50,50,50,40;a:center;\"\n\t\t\t\t\t\t\t\tdata-dim=\"w:1232px,1232px,1232px,368px;\"\n\t\t\t\t\t\t\t\tdata-frame_1=\"e:power4.inOut;sp:1500;\"\n\t\t\t\t\t\t\t\tdata-frame_999=\"o:0;e:power4.inOut;st:w;sp:1000;\"\n\t\t\t\t\t\t\t\tstyle=\"z-index:9;font-family:'Oswald';text-transform:uppercase;\"\n\t\t\t\t\t\t\t>Lipno \u2022 \u0160pindler\u016fv ml\u00fdn \u2022 Orlick\u00e9 hory<br \/>\n\u010cesk\u00e1 kanada \u2022 Horn\u00ed V\u011bstonice \u2022 Pern\u00e1 \n\t\t\t\t\t\t\t<\/rs-layer><!--\n\n\t\t\t\t\t\t\t--><rs-layer\n\t\t\t\t\t\t\t\tid=\"slider-156-slide-564-layer-2\" \n\t\t\t\t\t\t\t\tdata-type=\"object\"\n\t\t\t\t\t\t\t\tdata-rsp_ch=\"on\"\n\t\t\t\t\t\t\t\tdata-xy=\"xo:50px,50px,50px,14px;yo:50px,50px,50px,14px;\"\n\t\t\t\t\t\t\t\tdata-text=\"w:normal;s:20,20,20,5;l:0,0,0,7;\"\n\t\t\t\t\t\t\t\tdata-frame_999=\"o:0;st:w;\"\n\t\t\t\t\t\t\t\tstyle=\"z-index:10;font-family:'Roboto';\"\n\t\t\t\t\t\t\t> \n\t\t\t\t\t\t\t<\/rs-layer><!--\n-->\t\t\t\t\t<\/rs-slide>\n\t\t\t\t\t<\/rs-slides>\n\t\t\t\t\t<rs-static-layers><!--\n\t\t\t\t\t--><\/rs-static-layers>\n\t\t\t\t<\/rs-module>\n\t\t\t\t<script>\n\t\t\t\t\tsetREVStartSize({c: 'rev_slider_156_1',rl:[1600,1600,1600,750],el:[630,630,630,720],gw:[1600,1600,1600,480],gh:[630,630,630,720],type:'standard',justify:'',layout:'fullwidth',mh:\"0\"});if (window.RS_MODULES!==undefined && window.RS_MODULES.modules!==undefined && window.RS_MODULES.modules[\"revslider1561\"]!==undefined) {window.RS_MODULES.modules[\"revslider1561\"].once = false;window.revapi156 = undefined;if (window.RS_MODULES.checkMinimal!==undefined) window.RS_MODULES.checkMinimal()}\n\t\t\t\t<\/script>\n\t\t\t<\/rs-module-wrap>\n\t\t\t<!-- END REVOLUTION SLIDER -->\n[\/vc_column][\/vc_row][vc_row][vc_column]<div  class=\"empty-space  marg-lg-b35\"><\/div><div class=\"text-block \" ><div class=\"simple-text \"><h1 style=\"text-align: center;\">Spezialangebote<\/h1>\n<\/div><\/div>[\/vc_column][\/vc_row][vc_row full_width=&#8221;stretch_row_content_no_spaces&#8221; bg_type=&#8221;bg_color&#8221; bg_color_value=&#8221;#293635&#8243;][vc_column]<div  class=\"empty-space  marg-lg-b25\"><\/div>[vc_raw_js]JTNDc2NyaXB0JTNFJTBBJTIwJTIwJTIwJTIwJTIwJTIwJTIwJTIwJTI4ZnVuY3Rpb24lMjAlMjh3JTJDZCUyQ3MlMkNvJTJDZiUyQ2pzJTJDZmpzJTI5JTIwJTdCJTBBJTIwJTIwJTIwJTIwJTIwJTIwJTIwJTIwJTIwJTIwJTIwJTIwdyU1QiUyN2VjbS13aWRnZXQlMjclNUQlM0RvJTNCdyU1Qm8lNUQlMjAlM0QlMjB3JTVCbyU1RCUyMCU3QyU3QyUyMGZ1bmN0aW9uJTIwJTI4JTI5JTIwJTdCJTIwJTI4dyU1Qm8lNUQucSUyMCUzRCUyMHclNUJvJTVELnElMjAlN0MlN0MlMjAlNUIlNUQlMjkucHVzaCUyOGFyZ3VtZW50cyUyOSUyMCU3RCUzQiUwQSUyMCUyMCUyMCUyMCUyMCUyMCUyMCUyMCUyMCUyMCUyMCUyMGpzJTIwJTNEJTIwZC5jcmVhdGVFbGVtZW50JTI4cyUyOSUyQyUyMGZqcyUyMCUzRCUyMGQuZ2V0RWxlbWVudHNCeVRhZ05hbWUlMjhzJTI5JTVCMCU1RCUzQiUwQSUyMCUyMCUyMCUyMCUyMCUyMCUyMCUyMCUyMCUyMCUyMCUyMGpzLmlkJTIwJTNEJTIwJTI3NDktODU5MmZhMTIxODQ0OGUxZTFlNjU0MDhjNDYxYTI4NmElMjclM0IlMjBqcy5kYXRhc2V0LmElMjAlM0QlMjAlMjdhbWVuaXR5cmVzb3J0cyUyNyUzQiUyMGpzLnNyYyUyMCUzRCUyMGYlM0IlMjBqcy5hc3luYyUyMCUzRCUyMDElM0IlMjBmanMucGFyZW50Tm9kZS5pbnNlcnRCZWZvcmUlMjhqcyUyQyUyMGZqcyUyOSUzQiUwQSUyMCUyMCUyMCUyMCUyMCUyMCUyMCUyMCU3RCUyOHdpbmRvdyUyQyUyMGRvY3VtZW50JTJDJTIwJTI3c2NyaXB0JTI3JTJDJTIwJTI3ZWNtd2lkZ2V0JTI3JTJDJTIwJTI3aHR0cHMlM0ElMkYlMkZkNzBzaGw3dmlkdGZ0LmNsb3VkZnJvbnQubmV0JTJGd2lkZ2V0LmpzJTI3JTI5JTI5JTNCJTBBJTIwJTIwJTIwJTIwJTNDJTJGc2NyaXB0JTNFJTBBJTIwJTIwJTIwJTIwJTIwJTIwJTIwJTIwJTIwJTIwJTIwJTIwJTNDZGl2JTIwaWQlM0QlMjJmLTQ5LTg1OTJmYTEyMTg0NDhlMWUxZTY1NDA4YzQ2MWEyODZhJTIyJTNFJTNDJTJGZGl2JTNFJTBBJTA5JTA5JTA5[\/vc_raw_js]<div  class=\"empty-space  marg-lg-b25\"><\/div>[\/vc_column][\/vc_row][vc_row][vc_column]<div  class=\"empty-space  marg-lg-b25\"><\/div>[vc_separator color=&#8221;custom&#8221; border_width=&#8221;2&#8243; el_width=&#8221;50&#8243; accent_color=&#8221;#c7b39a&#8221;]<div  class=\"empty-space  marg-lg-b10\"><\/div>[\/vc_column][\/vc_row][vc_row full_width=&#8221;stretch_row_content_no_spaces&#8221;][vc_column offset=&#8221;vc_hidden-sm vc_hidden-xs&#8221;]<div  class=\"hb-text-block__wrapper style2\"><div class=\"row\"><div class=\"col-md-6\"><div class=\"hb-text_block_content\"><div class=\"hb-text-block___inner_wrapper text-right\"><div class=\"featured-rooms-slider__title title-color-black\">Testen Sie die Elektroautos Mercedes Benz EQA und EQB<\/div><div class=\"featured-rooms-slider__text content-color-grey\">In Zusammenarbeit mit unserem Generalpartner SAGA PRAHA bieten wir Ihnen die M\u00f6glichkeit, die Elektroautos Mercedes Benz EQA und EQB zu testen.<\/div><a class=\"btn btn--md btn--normal\" href=\"https:\/\/amenity.cz\/de\/saga-praha-partner\/\" title=\"SAGA PRAHA \u2013 gener\u00e1ln\u00ed partner\" target=\"_self\">DETAIL<\/a><\/div><\/div><\/div><div class=\"col-md-6\"><div class=\"hb-image__block\"><img decoding=\"async\" src=\"https:\/\/amenity.cz\/wp-content\/uploads\/2024\/06\/mercedes_slider_750x625_2.jpg\" alt=\"\" \/><\/div><\/div><\/div><\/div>[\/vc_column][vc_column offset=&#8221;vc_hidden-lg vc_hidden-md&#8221;]<div  class=\"hb-text-block__wrapper style1\"><div class=\"row\"><div class=\"col-md-6\"><div class=\"hb-image__block\"><img decoding=\"async\" src=\"https:\/\/amenity.cz\/wp-content\/uploads\/2024\/06\/mercedes_slider_750x625_2.jpg\" alt=\"\" \/><\/div><\/div><div class=\"col-md-6\"><div class=\"hb-text_block_content\"><div class=\"hb-text-block___inner_wrapper\"><div class=\"featured-rooms-slider__title title-color-black\" style=\"color:#333333;\">Testen Sie die Elektroautos Mercedes Benz EQA und EQB<\/div><div class=\"featured-rooms-slider__text content-color-grey\">In Zusammenarbeit mit unserem Generalpartner SAGA PRAHA bieten wir Ihnen die M\u00f6glichkeit, die Elektroautos Mercedes Benz EQA und EQB zu testen.<\/div><a class=\"btn btn--md btn--normal\" href=\"https:\/\/amenity.cz\/de\/saga-praha-partner\/\" title=\"SAGA PRAHA \u2013 gener\u00e1ln\u00ed partner\" target=\"_self\">DETAIL<\/a><\/div><\/div><\/div><\/div><\/div>[\/vc_column][\/vc_row][vc_row full_width=&#8221;stretch_row_content_no_spaces&#8221;][vc_column offset=&#8221;vc_hidden-sm vc_hidden-xs&#8221;]<div  class=\"hb-text-block__wrapper style1\"><div class=\"row\"><div class=\"col-md-6\"><div class=\"hb-image__block\"><img decoding=\"async\" src=\"https:\/\/amenity.cz\/wp-content\/uploads\/2020\/06\/lipno-joga-fitness-cklenka_amenityresorts_750x625.jpg\" alt=\"\" \/><\/div><\/div><div class=\"col-md-6\"><div class=\"hb-text_block_content\"><div class=\"hb-text-block___inner_wrapper\"><div class=\"featured-rooms-slider__title title-color-black\" style=\"color:#333333;\">Orlick\u00e9 hory: Yoga und Sauna-Rituale<\/div><div class=\"featured-rooms-slider__text content-color-grey\">In der heutigen hektischen Zeit ist die regelm\u00e4\u00dfige Regeneration des K\u00f6rpers das Beste, was jeder Mensch f\u00fcr sich tun kann. Im Amenity Hotel &amp; Resort Orlick\u00e9 hory bieten wir Ihnen jeden Donnerstag einen Yoga-Kurs mit der erfahrenen Lehrerin Vanda \u0160pan\u011blov\u00e1 an. Dank meditativer, kreativer Vinyasa-\u00dcbungen trainieren Sie Ihren K\u00f6rper und tauchen in Ihr Inneres ein. Durch die Saunarituale f\u00fchrt Sie der zertifizierte Saunameister Josef \u0160t\u011bp\u00e1n.<\/div><a class=\"btn btn--md btn--normal\" href=\"https:\/\/orlickehory.amenity.cz\/de\/yoga-donnerstags\/\" title=\"button\" target=\"_blank\">DETAIL<\/a><\/div><\/div><\/div><\/div><\/div>[\/vc_column][vc_column offset=&#8221;vc_hidden-lg vc_hidden-md&#8221;]<div  class=\"hb-text-block__wrapper style1\"><div class=\"row\"><div class=\"col-md-6\"><div class=\"hb-image__block\"><img decoding=\"async\" src=\"https:\/\/amenity.cz\/wp-content\/uploads\/2020\/06\/lipno-joga-fitness-cklenka_amenityresorts_750x625.jpg\" alt=\"\" \/><\/div><\/div><div class=\"col-md-6\"><div class=\"hb-text_block_content\"><div class=\"hb-text-block___inner_wrapper\"><div class=\"featured-rooms-slider__title title-color-black\" style=\"color:#333333;\">Orlick\u00e9 hory: Yoga und Sauna-Rituale<\/div><div class=\"featured-rooms-slider__text content-color-grey\">In der heutigen hektischen Zeit ist die regelm\u00e4\u00dfige Regeneration des K\u00f6rpers das Beste, was jeder Mensch f\u00fcr sich tun kann. Im Amenity Hotel &amp; Resort Orlick\u00e9 hory bieten wir Ihnen jeden Donnerstag einen Yoga-Kurs mit der erfahrenen Lehrerin Vanda \u0160pan\u011blov\u00e1 an. Dank meditativer, kreativer Vinyasa-\u00dcbungen trainieren Sie Ihren K\u00f6rper und tauchen in Ihr Inneres ein. Durch die Saunarituale f\u00fchrt Sie der zertifizierte Saunameister Josef \u0160t\u011bp\u00e1n.<\/div><a class=\"btn btn--md btn--normal\" href=\"https:\/\/orlickehory.amenity.cz\/de\/yoga-donnerstags\/\" title=\"button\" target=\"_blank\">DETAIL<\/a><\/div><\/div><\/div><\/div><\/div>[\/vc_column][\/vc_row][vc_row full_width=&#8221;stretch_row_content_no_spaces&#8221;][vc_column offset=&#8221;vc_hidden-sm vc_hidden-xs&#8221;]<div  class=\"hb-text-block__wrapper style2\"><div class=\"row\"><div class=\"col-md-6\"><div class=\"hb-text_block_content\"><div class=\"hb-text-block___inner_wrapper text-right\"><div class=\"featured-rooms-slider__title title-color-black\">Lipno: Czech RepuBRICK - Ausstellung von Legos, die die Welt noch nicht gesehen hat!<\/div><div class=\"featured-rooms-slider__text content-color-grey\">Tschechische Denkm\u00e4ler, Kultfilmszenen und Unfallautos sind zu riesigen Modellen aus Legow\u00fcrfeln geworden.<\/div><a class=\"btn btn--md btn--normal\" href=\"http:\/\/lipno.amenity.cz\/de\/lego-ausstellung-czech-repubrick\/\" title=\"LEGO\" target=\"_self\">DETAIL<\/a><\/div><\/div><\/div><div class=\"col-md-6\"><div class=\"hb-image__block\"><img decoding=\"async\" src=\"https:\/\/amenity.cz\/wp-content\/uploads\/2022\/03\/750x625-lego.jpg\" alt=\"\" \/><\/div><\/div><\/div><\/div>[\/vc_column][vc_column offset=&#8221;vc_hidden-lg vc_hidden-md&#8221;]<div  class=\"hb-text-block__wrapper style1\"><div class=\"row\"><div class=\"col-md-6\"><div class=\"hb-image__block\"><img decoding=\"async\" src=\"https:\/\/amenity.cz\/wp-content\/uploads\/2022\/03\/750x625-lego.jpg\" alt=\"\" \/><\/div><\/div><div class=\"col-md-6\"><div class=\"hb-text_block_content\"><div class=\"hb-text-block___inner_wrapper\"><div class=\"featured-rooms-slider__title title-color-black\" style=\"color:#333333;\">Lipno: Czech RepuBRICK - Ausstellung von Legos, die die Welt noch nicht gesehen hat!<\/div><div class=\"featured-rooms-slider__text content-color-grey\">Tschechische Denkm\u00e4ler, Kultfilmszenen und Unfallautos sind zu riesigen Modellen aus Legow\u00fcrfeln geworden.<\/div><a class=\"btn btn--md btn--normal\" href=\"http:\/\/lipno.amenity.cz\/de\/lego-ausstellung-czech-repubrick\/\" title=\"LEGO\" target=\"_self\">DETAIL<\/a><\/div><\/div><\/div><\/div><\/div>[\/vc_column][\/vc_row][vc_row full_width=&#8221;stretch_row_content_no_spaces&#8221;][vc_column offset=&#8221;vc_hidden-sm vc_hidden-xs&#8221;]<div  class=\"hb-text-block__wrapper style1\"><div class=\"row\"><div class=\"col-md-6\"><div class=\"hb-image__block\"><img decoding=\"async\" src=\"https:\/\/amenity.cz\/wp-content\/uploads\/2022\/02\/amenity-voucher_750x625.jpg\" alt=\"\" \/><\/div><\/div><div class=\"col-md-6\"><div class=\"hb-text_block_content\"><div class=\"hb-text-block___inner_wrapper\"><div class=\"featured-rooms-slider__title title-color-black\" style=\"color:#333333;\">Gutscheine f\u00fcr Aufenthalte<\/div><div class=\"featured-rooms-slider__text content-color-grey\">Schenken Sie Ihren Liebsten Aufenthaltsgutscheine f\u00fcr die sch\u00f6nsten Orte in B\u00f6hmen: Lipno, \u0160pindler\u016fv Ml\u00fdn, Orlick\u00e9 hory oder \u010cesk\u00e1 Kanada. Sie selbst w\u00e4hlen den Gutscheinwert, schreiben Sie nur eine Widmung und ein perfektes Geschenk ist fertig.<\/div><a class=\"btn btn--md btn--normal\" href=\"http:\/\/eshop.amenity.cz\/\" title=\"Fr\u00fchlingsentgiftung\" target=\"_self\">GUTSCHEIN KAUFEN<\/a><\/div><\/div><\/div><\/div><\/div>[\/vc_column][vc_column offset=&#8221;vc_hidden-lg vc_hidden-md&#8221;]<div  class=\"hb-text-block__wrapper style1\"><div class=\"row\"><div class=\"col-md-6\"><div class=\"hb-image__block\"><img decoding=\"async\" src=\"https:\/\/amenity.cz\/wp-content\/uploads\/2022\/02\/amenity-voucher_750x625.jpg\" alt=\"\" \/><\/div><\/div><div class=\"col-md-6\"><div class=\"hb-text_block_content\"><div class=\"hb-text-block___inner_wrapper\"><div class=\"featured-rooms-slider__title title-color-black\" style=\"color:#333333;\">Gutscheine f\u00fcr Aufenthalte<\/div><div class=\"featured-rooms-slider__text content-color-grey\">Schenken Sie Ihren Liebsten Aufenthaltsgutscheine f\u00fcr die sch\u00f6nsten Orte in B\u00f6hmen: Lipno, \u0160pindler\u016fv Ml\u00fdn, Orlick\u00e9 hory oder \u010cesk\u00e1 Kanada. Sie selbst w\u00e4hlen den Gutscheinwert, schreiben Sie nur eine Widmung und ein perfektes Geschenk ist fertig.<\/div><a class=\"btn btn--md btn--normal\" href=\"http:\/\/eshop.amenity.cz\/\" title=\"Fr\u00fchlingsentgiftung\" target=\"_self\">GUTSCHEIN KAUFEN<\/a><\/div><\/div><\/div><\/div><\/div>[\/vc_column][\/vc_row]<\/p>\n<\/div>","protected":false},"excerpt":{"rendered":"<p>[vc_row][vc_column offset=&#8221;vc_hidden-sm vc_hidden-xs&#8221;][\/vc_column][\/vc_row][vc_row][vc_column][\/vc_column][\/vc_row][vc_row full_width=&#8221;stretch_row_content_no_spaces&#8221; bg_type=&#8221;bg_color&#8221; bg_color_value=&#8221;#293635&#8243;][vc_column][vc_raw_js]JTNDc2NyaXB0JTNFJTBBJTIwJTIwJTIwJTIwJTIwJTIwJTIwJTIwJTI4ZnVuY3Rpb24lMjAlMjh3JTJDZCUyQ3MlMkNvJTJDZiUyQ2pzJTJDZmpzJTI5JTIwJTdCJTBBJTIwJTIwJTIwJTIwJTIwJTIwJTIwJTIwJTIwJTIwJTIwJTIwdyU1QiUyN2VjbS13aWRnZXQlMjclNUQlM0RvJTNCdyU1Qm8lNUQlMjAlM0QlMjB3JTVCbyU1RCUyMCU3QyU3QyUyMGZ1bmN0aW9uJTIwJTI4JTI5JTIwJTdCJTIwJTI4dyU1Qm8lNUQucSUyMCUzRCUyMHclNUJvJTVELnElMjAlN0MlN0MlMjAlNUIlNUQlMjkucHVzaCUyOGFyZ3VtZW50cyUyOSUyMCU3RCUzQiUwQSUyMCUyMCUyMCUyMCUyMCUyMCUyMCUyMCUyMCUyMCUyMCUyMGpzJTIwJTNEJTIwZC5jcmVhdGVFbGVtZW50JTI4cyUyOSUyQyUyMGZqcyUyMCUzRCUyMGQuZ2V0RWxlbWVudHNCeVRhZ05hbWUlMjhzJTI5JTVCMCU1RCUzQiUwQSUyMCUyMCUyMCUyMCUyMCUyMCUyMCUyMCUyMCUyMCUyMCUyMGpzLmlkJTIwJTNEJTIwJTI3NDktODU5MmZhMTIxODQ0OGUxZTFlNjU0MDhjNDYxYTI4NmElMjclM0IlMjBqcy5kYXRhc2V0LmElMjAlM0QlMjAlMjdhbWVuaXR5cmVzb3J0cyUyNyUzQiUyMGpzLnNyYyUyMCUzRCUyMGYlM0IlMjBqcy5hc3luYyUyMCUzRCUyMDElM0IlMjBmanMucGFyZW50Tm9kZS5pbnNlcnRCZWZvcmUlMjhqcyUyQyUyMGZqcyUyOSUzQiUwQSUyMCUyMCUyMCUyMCUyMCUyMCUyMCUyMCU3RCUyOHdpbmRvdyUyQyUyMGRvY3VtZW50JTJDJTIwJTI3c2NyaXB0JTI3JTJDJTIwJTI3ZWNtd2lkZ2V0JTI3JTJDJTIwJTI3aHR0cHMlM0ElMkYlMkZkNzBzaGw3dmlkdGZ0LmNsb3VkZnJvbnQubmV0JTJGd2lkZ2V0LmpzJTI3JTI5JTI5JTNCJTBBJTIwJTIwJTIwJTIwJTNDJTJGc2NyaXB0JTNFJTBBJTIwJTIwJTIwJTIwJTIwJTIwJTIwJTIwJTIwJTIwJTIwJTIwJTNDZGl2JTIwaWQlM0QlMjJmLTQ5LTg1OTJmYTEyMTg0NDhlMWUxZTY1NDA4YzQ2MWEyODZhJTIyJTNFJTNDJTJGZGl2JTNFJTBBJTA5JTA5JTA5[\/vc_raw_js][\/vc_column][\/vc_row][vc_row][vc_column][vc_separator color=&#8221;custom&#8221; border_width=&#8221;2&#8243; el_width=&#8221;50&#8243; accent_color=&#8221;#c7b39a&#8221;][\/vc_column][\/vc_row][vc_row full_width=&#8221;stretch_row_content_no_spaces&#8221;][vc_column offset=&#8221;vc_hidden-sm vc_hidden-xs&#8221;][\/vc_column][vc_column offset=&#8221;vc_hidden-lg vc_hidden-md&#8221;][\/vc_column][\/vc_row][vc_row full_width=&#8221;stretch_row_content_no_spaces&#8221;][vc_column offset=&#8221;vc_hidden-sm vc_hidden-xs&#8221;][\/vc_column][vc_column offset=&#8221;vc_hidden-lg vc_hidden-md&#8221;][\/vc_column][\/vc_row][vc_row full_width=&#8221;stretch_row_content_no_spaces&#8221;][vc_column offset=&#8221;vc_hidden-sm vc_hidden-xs&#8221;][\/vc_column][vc_column offset=&#8221;vc_hidden-lg vc_hidden-md&#8221;][\/vc_column][\/vc_row][vc_row full_width=&#8221;stretch_row_content_no_spaces&#8221;][vc_column offset=&#8221;vc_hidden-sm vc_hidden-xs&#8221;][\/vc_column][vc_column offset=&#8221;vc_hidden-lg vc_hidden-md&#8221;][\/vc_column][\/vc_row]<\/p>\n","protected":false},"author":2,"featured_media":0,"parent":0,"menu_order":0,"comment_status":"closed","ping_status":"closed","template":"","meta":{"footnotes":""},"class_list":["post-3936","page","type-page","status-publish","hentry"],"yoast_head":"<!-- This site is optimized with the Yoast SEO Premium plugin v27.3 (Yoast SEO v27.3) - https:\/\/yoast.com\/product\/yoast-seo-premium-wordpress\/ -->\n<title>Sonferangebote f\u00fcr Unterkunft - Amenity Resorts s.r.o.<\/title>\n<meta name=\"description\" content=\"W\u00e4hlen Sie aus unseren Sonderangeboten f\u00fcr Unterk\u00fcnfte, Urlaubspakete, Last-Minute Angebote und Rabattangebote in Amenity Resorts.\" \/>\n<meta name=\"robots\" content=\"index, follow, max-snippet:-1, max-image-preview:large, max-video-preview:-1\" \/>\n<link rel=\"canonical\" href=\"https:\/\/amenity.cz\/de\/spezialangebote\/\" \/>\n<meta property=\"og:locale\" content=\"de_DE\" \/>\n<meta property=\"og:type\" content=\"article\" \/>\n<meta property=\"og:title\" content=\"SPEZIALANGEBOTE\" \/>\n<meta property=\"og:description\" content=\"W\u00e4hlen Sie aus unseren Sonderangeboten f\u00fcr Unterk\u00fcnfte, Urlaubspakete, Last-Minute Angebote und Rabattangebote in Amenity Resorts.\" \/>\n<meta property=\"og:url\" content=\"https:\/\/amenity.cz\/de\/spezialangebote\/\" \/>\n<meta property=\"og:site_name\" content=\"Amenity Resorts\" \/>\n<meta property=\"article:publisher\" content=\"https:\/\/www.facebook.com\/amenityresorts\" \/>\n<meta property=\"article:modified_time\" content=\"2026-03-26T08:39:05+00:00\" \/>\n<meta property=\"og:image\" content=\"https:\/\/amenity.cz\/wp-content\/uploads\/2025\/10\/amenity-resorts-domov-uprostred-prirody.jpg\" \/>\n\t<meta property=\"og:image:width\" content=\"1200\" \/>\n\t<meta property=\"og:image:height\" content=\"675\" \/>\n\t<meta property=\"og:image:type\" content=\"image\/jpeg\" \/>\n<meta name=\"twitter:card\" content=\"summary_large_image\" \/>\n<meta name=\"twitter:site\" content=\"@amenityresorts\" \/>\n<meta name=\"twitter:label1\" content=\"Gesch\u00e4tzte Lesezeit\" \/>\n\t<meta name=\"twitter:data1\" content=\"4\u00a0Minuten\" \/>\n<script type=\"application\/ld+json\" class=\"yoast-schema-graph\">{\"@context\":\"https:\\\/\\\/schema.org\",\"@graph\":[{\"@type\":\"WebPage\",\"@id\":\"https:\\\/\\\/amenity.cz\\\/de\\\/spezialangebote\\\/\",\"url\":\"https:\\\/\\\/amenity.cz\\\/de\\\/spezialangebote\\\/\",\"name\":\"Sonferangebote f\u00fcr Unterkunft - Amenity Resorts s.r.o.\",\"isPartOf\":{\"@id\":\"https:\\\/\\\/amenity.cz\\\/de\\\/#website\"},\"datePublished\":\"2019-10-14T09:35:58+00:00\",\"dateModified\":\"2026-03-26T08:39:05+00:00\",\"description\":\"W\u00e4hlen Sie aus unseren Sonderangeboten f\u00fcr Unterk\u00fcnfte, Urlaubspakete, Last-Minute Angebote und Rabattangebote in Amenity Resorts.\",\"breadcrumb\":{\"@id\":\"https:\\\/\\\/amenity.cz\\\/de\\\/spezialangebote\\\/#breadcrumb\"},\"inLanguage\":\"de\",\"potentialAction\":[{\"@type\":\"ReadAction\",\"target\":[\"https:\\\/\\\/amenity.cz\\\/de\\\/spezialangebote\\\/\"]}]},{\"@type\":\"BreadcrumbList\",\"@id\":\"https:\\\/\\\/amenity.cz\\\/de\\\/spezialangebote\\\/#breadcrumb\",\"itemListElement\":[{\"@type\":\"ListItem\",\"position\":1,\"name\":\"Dom\u016f\",\"item\":\"https:\\\/\\\/amenity.cz\\\/de\\\/\"},{\"@type\":\"ListItem\",\"position\":2,\"name\":\"SPEZIALANGEBOTE\"}]},{\"@type\":\"WebSite\",\"@id\":\"https:\\\/\\\/amenity.cz\\\/de\\\/#website\",\"url\":\"https:\\\/\\\/amenity.cz\\\/de\\\/\",\"name\":\"Amenity Resorts\",\"description\":\"\u010cesk\u00fd hotelov\u00fd \u0159et\u011bzec\",\"alternateName\":\"Amenity Hotels & Resorts\",\"potentialAction\":[{\"@type\":\"SearchAction\",\"target\":{\"@type\":\"EntryPoint\",\"urlTemplate\":\"https:\\\/\\\/amenity.cz\\\/de\\\/?s={search_term_string}\"},\"query-input\":{\"@type\":\"PropertyValueSpecification\",\"valueRequired\":true,\"valueName\":\"search_term_string\"}}],\"inLanguage\":\"de\"}]}<\/script>\n<!-- \/ Yoast SEO Premium plugin. -->","yoast_head_json":{"title":"Sonferangebote f\u00fcr Unterkunft - Amenity Resorts s.r.o.","description":"W\u00e4hlen Sie aus unseren Sonderangeboten f\u00fcr Unterk\u00fcnfte, Urlaubspakete, Last-Minute Angebote und Rabattangebote in Amenity Resorts.","robots":{"index":"index","follow":"follow","max-snippet":"max-snippet:-1","max-image-preview":"max-image-preview:large","max-video-preview":"max-video-preview:-1"},"canonical":"https:\/\/amenity.cz\/de\/spezialangebote\/","og_locale":"de_DE","og_type":"article","og_title":"SPEZIALANGEBOTE","og_description":"W\u00e4hlen Sie aus unseren Sonderangeboten f\u00fcr Unterk\u00fcnfte, Urlaubspakete, Last-Minute Angebote und Rabattangebote in Amenity Resorts.","og_url":"https:\/\/amenity.cz\/de\/spezialangebote\/","og_site_name":"Amenity Resorts","article_publisher":"https:\/\/www.facebook.com\/amenityresorts","article_modified_time":"2026-03-26T08:39:05+00:00","og_image":[{"width":1200,"height":675,"url":"https:\/\/amenity.cz\/wp-content\/uploads\/2025\/10\/amenity-resorts-domov-uprostred-prirody.jpg","type":"image\/jpeg"}],"twitter_card":"summary_large_image","twitter_site":"@amenityresorts","twitter_misc":{"Gesch\u00e4tzte Lesezeit":"4\u00a0Minuten"},"schema":{"@context":"https:\/\/schema.org","@graph":[{"@type":"WebPage","@id":"https:\/\/amenity.cz\/de\/spezialangebote\/","url":"https:\/\/amenity.cz\/de\/spezialangebote\/","name":"Sonferangebote f\u00fcr Unterkunft - Amenity Resorts s.r.o.","isPartOf":{"@id":"https:\/\/amenity.cz\/de\/#website"},"datePublished":"2019-10-14T09:35:58+00:00","dateModified":"2026-03-26T08:39:05+00:00","description":"W\u00e4hlen Sie aus unseren Sonderangeboten f\u00fcr Unterk\u00fcnfte, Urlaubspakete, Last-Minute Angebote und Rabattangebote in Amenity Resorts.","breadcrumb":{"@id":"https:\/\/amenity.cz\/de\/spezialangebote\/#breadcrumb"},"inLanguage":"de","potentialAction":[{"@type":"ReadAction","target":["https:\/\/amenity.cz\/de\/spezialangebote\/"]}]},{"@type":"BreadcrumbList","@id":"https:\/\/amenity.cz\/de\/spezialangebote\/#breadcrumb","itemListElement":[{"@type":"ListItem","position":1,"name":"Dom\u016f","item":"https:\/\/amenity.cz\/de\/"},{"@type":"ListItem","position":2,"name":"SPEZIALANGEBOTE"}]},{"@type":"WebSite","@id":"https:\/\/amenity.cz\/de\/#website","url":"https:\/\/amenity.cz\/de\/","name":"Amenity Resorts","description":"\u010cesk\u00fd hotelov\u00fd \u0159et\u011bzec","alternateName":"Amenity Hotels & Resorts","potentialAction":[{"@type":"SearchAction","target":{"@type":"EntryPoint","urlTemplate":"https:\/\/amenity.cz\/de\/?s={search_term_string}"},"query-input":{"@type":"PropertyValueSpecification","valueRequired":true,"valueName":"search_term_string"}}],"inLanguage":"de"}]}},"_links":{"self":[{"href":"https:\/\/amenity.cz\/de\/wp-json\/wp\/v2\/pages\/3936","targetHints":{"allow":["GET"]}}],"collection":[{"href":"https:\/\/amenity.cz\/de\/wp-json\/wp\/v2\/pages"}],"about":[{"href":"https:\/\/amenity.cz\/de\/wp-json\/wp\/v2\/types\/page"}],"author":[{"embeddable":true,"href":"https:\/\/amenity.cz\/de\/wp-json\/wp\/v2\/users\/2"}],"replies":[{"embeddable":true,"href":"https:\/\/amenity.cz\/de\/wp-json\/wp\/v2\/comments?post=3936"}],"version-history":[{"count":24,"href":"https:\/\/amenity.cz\/de\/wp-json\/wp\/v2\/pages\/3936\/revisions"}],"predecessor-version":[{"id":19256,"href":"https:\/\/amenity.cz\/de\/wp-json\/wp\/v2\/pages\/3936\/revisions\/19256"}],"wp:attachment":[{"href":"https:\/\/amenity.cz\/de\/wp-json\/wp\/v2\/media?parent=3936"}],"curies":[{"name":"wp","href":"https:\/\/api.w.org\/{rel}","templated":true}]}}