{"id":8570,"date":"2020-04-24T14:48:26","date_gmt":"2020-04-24T12:48:26","guid":{"rendered":"http:\/\/amenity.cz\/dezinfekce-v-resortech\/"},"modified":"2021-04-23T16:42:52","modified_gmt":"2021-04-23T14:42:52","slug":"desinfektsiongel","status":"publish","type":"page","link":"https:\/\/amenity.cz\/de\/desinfektsiongel\/","title":{"rendered":"Desinfektsiongel"},"content":{"rendered":"<div class=\"wpb-content-wrapper\"><p>[vc_row][vc_column offset=&#8221;vc_hidden-sm vc_hidden-xs&#8221;][vc_raw_html]JTVCcmV2X3NsaWRlciUyMGFsaWFzJTNEJTIyRC1BS1QtYmV6LXJpemlrYS1FTiUyMiU1RCU1QiUyRnJldl9zbGlkZXIlNUQ=[\/vc_raw_html][\/vc_column][\/vc_row][vc_row][vc_column offset=&#8221;vc_hidden-lg vc_hidden-md&#8221;][vc_single_image image=&#8221;8503&#8243; img_size=&#8221;full&#8221;][\/vc_column][\/vc_row][vc_row][vc_column]<div  class=\"empty-space  marg-lg-b35\"><\/div>[vc_separator color=&#8221;custom&#8221; border_width=&#8221;2&#8243; el_width=&#8221;50&#8243; accent_color=&#8221;#c7b39a&#8221;]<div  class=\"main-heading\"><span class=\"subtitle\"><\/span><h2 class=\"title\">Die Resorts erwarten Sie schon<\/h2><\/div><div  class=\"empty-space  marg-lg-b35\"><\/div>[vc_separator color=&#8221;custom&#8221; border_width=&#8221;2&#8243; el_width=&#8221;50&#8243; accent_color=&#8221;#c7b39a&#8221;]<div  class=\"empty-space  marg-lg-b35\"><\/div>[\/vc_column][\/vc_row][vc_row][vc_column]<div class=\"text-block \" ><div class=\"simple-text \"><p class=\"gmail-m5346858031533746253msolistparagraph\" style=\"text-align: center;\"><strong>Wir tun alles, damit Sie Ihre Freizeit in Ruhe mit Ihren Lieben verbringen k\u00f6nnen.<\/strong><\/p>\n<p class=\"gmail-m5346858031533746253msolistparagraph\" style=\"text-align: center;\">Jeden Tag reinigen wir die Resorts gr\u00fcndlich und denken nat\u00fcrlich auch auf Ihre Gesundheit. Aus diesem Grund finden Sie auf jedem Zimmer ein Desinfektionsgel. Weitere sind auf dem Gel\u00e4nde des Resorts platziert, damit Sie sich so sicher wie m\u00f6glich f\u00fchlen.<\/p>\n<p class=\"gmail-m5346858031533746253msolistparagraph\" style=\"text-align: center;\">Wir freuen uns schon auf Sie.<\/p>\n<\/div><\/div><div  class=\"empty-space  marg-lg-b35\"><\/div>[vc_single_image image=&#8221;6137&#8243; img_size=&#8221;full&#8221; alignment=&#8221;center&#8221;]<div  class=\"empty-space  marg-lg-b35\"><\/div>[\/vc_column][\/vc_row]<\/p>\n<\/div>","protected":false},"excerpt":{"rendered":"<p>[vc_row][vc_column offset=&#8221;vc_hidden-sm vc_hidden-xs&#8221;][vc_raw_html]JTVCcmV2X3NsaWRlciUyMGFsaWFzJTNEJTIyRC1BS1QtYmV6LXJpemlrYS1FTiUyMiU1RCU1QiUyRnJldl9zbGlkZXIlNUQ=[\/vc_raw_html][\/vc_column][\/vc_row][vc_row][vc_column offset=&#8221;vc_hidden-lg vc_hidden-md&#8221;][vc_single_image image=&#8221;8503&#8243; img_size=&#8221;full&#8221;][\/vc_column][\/vc_row][vc_row][vc_column][vc_separator color=&#8221;custom&#8221; border_width=&#8221;2&#8243; el_width=&#8221;50&#8243; accent_color=&#8221;#c7b39a&#8221;][vc_separator color=&#8221;custom&#8221; border_width=&#8221;2&#8243; el_width=&#8221;50&#8243; accent_color=&#8221;#c7b39a&#8221;][\/vc_column][\/vc_row][vc_row][vc_column][vc_single_image image=&#8221;6137&#8243; img_size=&#8221;full&#8221; alignment=&#8221;center&#8221;][\/vc_column][\/vc_row]<\/p>\n","protected":false},"author":3,"featured_media":0,"parent":0,"menu_order":0,"comment_status":"closed","ping_status":"closed","template":"","meta":{"footnotes":""},"class_list":["post-8570","page","type-page","status-publish","hentry"],"yoast_head":"<!-- This site is optimized with the Yoast SEO Premium plugin v27.3 (Yoast SEO v27.3) - https:\/\/yoast.com\/product\/yoast-seo-premium-wordpress\/ -->\n<title>Desinfektsiongel - Amenity Resorts<\/title>\n<meta name=\"description\" content=\"Aus diesem Grund finden Sie auf jedem Zimmer ein Desinfektionsgel. Weitere sind auf dem Gel\u00e4nde des Resorts platziert, damit Sie sich so sicher wie m\u00f6glich f\u00fchlen.\" \/>\n<meta name=\"robots\" content=\"noindex, nofollow\" \/>\n<meta property=\"og:locale\" content=\"de_DE\" \/>\n<meta property=\"og:type\" content=\"article\" \/>\n<meta property=\"og:title\" content=\"Nov\u00e1 k\u00e1va v Amenity Resorts\" \/>\n<meta property=\"og:description\" content=\"Zjist\u011bte v\u00edce o na\u0161\u00ed nov\u00e9 spolupr\u00e1ci s \u010deskou pra\u017e\u00edrnou k\u00e1vy Nordbeans.\" \/>\n<meta property=\"og:url\" content=\"https:\/\/amenity.cz\/de\/desinfektsiongel\/\" \/>\n<meta property=\"og:site_name\" content=\"Amenity Resorts\" \/>\n<meta property=\"article:publisher\" content=\"https:\/\/www.facebook.com\/amenityresorts\" \/>\n<meta property=\"article:modified_time\" content=\"2021-04-23T14:42:52+00:00\" \/>\n<meta property=\"og:image\" content=\"http:\/\/amenity.cz\/wp-content\/uploads\/2020\/04\/kava-Amenity_web_1080x1080_.jpg\" \/>\n<meta name=\"twitter:card\" content=\"summary_large_image\" \/>\n<meta name=\"twitter:title\" content=\"Desinfektsiongel\" \/>\n<meta name=\"twitter:site\" content=\"@amenityresorts\" \/>\n<meta name=\"twitter:label1\" content=\"Gesch\u00e4tzte Lesezeit\" \/>\n\t<meta name=\"twitter:data1\" content=\"1\u00a0Minute\" \/>\n<script type=\"application\/ld+json\" class=\"yoast-schema-graph\">{\"@context\":\"https:\\\/\\\/schema.org\",\"@graph\":[{\"@type\":\"WebPage\",\"@id\":\"https:\\\/\\\/amenity.cz\\\/de\\\/desinfektsiongel\\\/\",\"url\":\"https:\\\/\\\/amenity.cz\\\/de\\\/desinfektsiongel\\\/\",\"name\":\"Desinfektsiongel - Amenity Resorts\",\"isPartOf\":{\"@id\":\"https:\\\/\\\/amenity.cz\\\/de\\\/#website\"},\"datePublished\":\"2020-04-24T12:48:26+00:00\",\"dateModified\":\"2021-04-23T14:42:52+00:00\",\"description\":\"Aus diesem Grund finden Sie auf jedem Zimmer ein Desinfektionsgel. Weitere sind auf dem Gel\u00e4nde des Resorts platziert, damit Sie sich so sicher wie m\u00f6glich f\u00fchlen.\",\"breadcrumb\":{\"@id\":\"https:\\\/\\\/amenity.cz\\\/de\\\/desinfektsiongel\\\/#breadcrumb\"},\"inLanguage\":\"de\",\"potentialAction\":[{\"@type\":\"ReadAction\",\"target\":[\"https:\\\/\\\/amenity.cz\\\/de\\\/desinfektsiongel\\\/\"]}]},{\"@type\":\"BreadcrumbList\",\"@id\":\"https:\\\/\\\/amenity.cz\\\/de\\\/desinfektsiongel\\\/#breadcrumb\",\"itemListElement\":[{\"@type\":\"ListItem\",\"position\":1,\"name\":\"Dom\u016f\",\"item\":\"https:\\\/\\\/amenity.cz\\\/de\\\/\"},{\"@type\":\"ListItem\",\"position\":2,\"name\":\"Desinfektsiongel\"}]},{\"@type\":\"WebSite\",\"@id\":\"https:\\\/\\\/amenity.cz\\\/de\\\/#website\",\"url\":\"https:\\\/\\\/amenity.cz\\\/de\\\/\",\"name\":\"Amenity Resorts\",\"description\":\"\u010cesk\u00fd hotelov\u00fd \u0159et\u011bzec\",\"alternateName\":\"Amenity Hotels & Resorts\",\"potentialAction\":[{\"@type\":\"SearchAction\",\"target\":{\"@type\":\"EntryPoint\",\"urlTemplate\":\"https:\\\/\\\/amenity.cz\\\/de\\\/?s={search_term_string}\"},\"query-input\":{\"@type\":\"PropertyValueSpecification\",\"valueRequired\":true,\"valueName\":\"search_term_string\"}}],\"inLanguage\":\"de\"}]}<\/script>\n<!-- \/ Yoast SEO Premium plugin. -->","yoast_head_json":{"title":"Desinfektsiongel - Amenity Resorts","description":"Aus diesem Grund finden Sie auf jedem Zimmer ein Desinfektionsgel. Weitere sind auf dem Gel\u00e4nde des Resorts platziert, damit Sie sich so sicher wie m\u00f6glich f\u00fchlen.","robots":{"index":"noindex","follow":"nofollow"},"og_locale":"de_DE","og_type":"article","og_title":"Nov\u00e1 k\u00e1va v Amenity Resorts","og_description":"Zjist\u011bte v\u00edce o na\u0161\u00ed nov\u00e9 spolupr\u00e1ci s \u010deskou pra\u017e\u00edrnou k\u00e1vy Nordbeans.","og_url":"https:\/\/amenity.cz\/de\/desinfektsiongel\/","og_site_name":"Amenity Resorts","article_publisher":"https:\/\/www.facebook.com\/amenityresorts","article_modified_time":"2021-04-23T14:42:52+00:00","og_image":[{"url":"http:\/\/amenity.cz\/wp-content\/uploads\/2020\/04\/kava-Amenity_web_1080x1080_.jpg","type":"","width":"","height":""}],"twitter_card":"summary_large_image","twitter_title":"Desinfektsiongel","twitter_site":"@amenityresorts","twitter_misc":{"Gesch\u00e4tzte Lesezeit":"1\u00a0Minute"},"schema":{"@context":"https:\/\/schema.org","@graph":[{"@type":"WebPage","@id":"https:\/\/amenity.cz\/de\/desinfektsiongel\/","url":"https:\/\/amenity.cz\/de\/desinfektsiongel\/","name":"Desinfektsiongel - Amenity Resorts","isPartOf":{"@id":"https:\/\/amenity.cz\/de\/#website"},"datePublished":"2020-04-24T12:48:26+00:00","dateModified":"2021-04-23T14:42:52+00:00","description":"Aus diesem Grund finden Sie auf jedem Zimmer ein Desinfektionsgel. Weitere sind auf dem Gel\u00e4nde des Resorts platziert, damit Sie sich so sicher wie m\u00f6glich f\u00fchlen.","breadcrumb":{"@id":"https:\/\/amenity.cz\/de\/desinfektsiongel\/#breadcrumb"},"inLanguage":"de","potentialAction":[{"@type":"ReadAction","target":["https:\/\/amenity.cz\/de\/desinfektsiongel\/"]}]},{"@type":"BreadcrumbList","@id":"https:\/\/amenity.cz\/de\/desinfektsiongel\/#breadcrumb","itemListElement":[{"@type":"ListItem","position":1,"name":"Dom\u016f","item":"https:\/\/amenity.cz\/de\/"},{"@type":"ListItem","position":2,"name":"Desinfektsiongel"}]},{"@type":"WebSite","@id":"https:\/\/amenity.cz\/de\/#website","url":"https:\/\/amenity.cz\/de\/","name":"Amenity Resorts","description":"\u010cesk\u00fd hotelov\u00fd \u0159et\u011bzec","alternateName":"Amenity Hotels & Resorts","potentialAction":[{"@type":"SearchAction","target":{"@type":"EntryPoint","urlTemplate":"https:\/\/amenity.cz\/de\/?s={search_term_string}"},"query-input":{"@type":"PropertyValueSpecification","valueRequired":true,"valueName":"search_term_string"}}],"inLanguage":"de"}]}},"_links":{"self":[{"href":"https:\/\/amenity.cz\/de\/wp-json\/wp\/v2\/pages\/8570","targetHints":{"allow":["GET"]}}],"collection":[{"href":"https:\/\/amenity.cz\/de\/wp-json\/wp\/v2\/pages"}],"about":[{"href":"https:\/\/amenity.cz\/de\/wp-json\/wp\/v2\/types\/page"}],"author":[{"embeddable":true,"href":"https:\/\/amenity.cz\/de\/wp-json\/wp\/v2\/users\/3"}],"replies":[{"embeddable":true,"href":"https:\/\/amenity.cz\/de\/wp-json\/wp\/v2\/comments?post=8570"}],"version-history":[{"count":0,"href":"https:\/\/amenity.cz\/de\/wp-json\/wp\/v2\/pages\/8570\/revisions"}],"wp:attachment":[{"href":"https:\/\/amenity.cz\/de\/wp-json\/wp\/v2\/media?parent=8570"}],"curies":[{"name":"wp","href":"https:\/\/api.w.org\/{rel}","templated":true}]}}