{"id":15838,"date":"2025-05-13T13:41:33","date_gmt":"2025-05-13T11:41:33","guid":{"rendered":"https:\/\/amenity.cz\/?page_id=15838"},"modified":"2025-05-13T13:42:21","modified_gmt":"2025-05-13T11:42:21","slug":"benefit-programmes","status":"publish","type":"page","link":"https:\/\/amenity.cz\/en\/benefit-programmes\/","title":{"rendered":"Benefit programmes"},"content":{"rendered":"<div class=\"wpb-content-wrapper\"><p>[vc_row][vc_column]<div  class=\"empty-space  marg-lg-b35\"><\/div>[vc_separator color=&#8221;custom&#8221; border_width=&#8221;2&#8243; el_width=&#8221;50&#8243; accent_color=&#8221;#c7b39a&#8221;]<div  class=\"main-heading\"><span class=\"subtitle\">Experience as a benefit<\/span><h2 class=\"title\">We are a partner of benefit programmes<\/h2><\/div><div  class=\"empty-space  marg-lg-b25\"><\/div>[vc_separator color=&#8221;custom&#8221; border_width=&#8221;2&#8243; el_width=&#8221;50&#8243; accent_color=&#8221;#c7b39a&#8221;]<div  class=\"empty-space  marg-lg-b10\"><\/div>[\/vc_column][\/vc_row][vc_row][vc_column]<div class=\"text-block \" ><div class=\"simple-text \"><p style=\"text-align: center;\"><strong>Turn your employer&#8217;s benefits into an experience. Go on holiday or enjoy some quality time with your loved ones at Amenity Hotels &amp; Resorts!<\/strong><\/p>\n<p style=\"text-align: center;\">Most companies these days put a lot of emphasis on employee satisfaction and reward them every year with credits that everyone can use however they want. Amenity Hotels &amp; Resorts is one of the partners where you can use these credits to pay for your stay or services at one of our resorts.<\/p>\n<p style=\"text-align: center;\">If you use the Benefit Plus programme or have one of these cards (Flexi Pass Card, Edenred Card, eBenefity Card), you can use it to pay for accommodation and additional services such as wellness, fitness or bowling.<\/p>\n<p style=\"text-align: center;\"><strong>Choose an experience as your benefit.<\/strong><\/p>\n<p style=\"text-align: center;\">We do not accept paper vouchers from any companies in our resort network.<\/p>\n<p style=\"text-align: center;\"><strong>If you want to make a reservation through the Benefit Plus or Pluxee benefit programme, select the \u2018Payment by bank transfer\u2019 option in the reservation system for the selected type of accommodation. Please indicate which benefit programme you are using in the comments section of the reservation. The resort reception will contact you with more information on how to pay for your reservation.<\/strong><\/p>\n<\/div><\/div><div  class=\"empty-space  marg-lg-b25\"><\/div>[\/vc_column][\/vc_row][vc_row content_placement=&#8221;middle&#8221;][vc_column width=&#8221;1\/5&#8243; css=&#8221;.vc_custom_1614760174321{padding-right: 15px !important;padding-left: 15px !important;}&#8221;][vc_single_image image=&#8221;8358&#8243; alignment=&#8221;center&#8221;][\/vc_column][vc_column width=&#8221;1\/5&#8243; css=&#8221;.vc_custom_1614760202197{padding-right: 15px !important;padding-left: 15px !important;}&#8221;][vc_single_image image=&#8221;8382&#8243; alignment=&#8221;center&#8221;][\/vc_column][vc_column width=&#8221;1\/5&#8243; css=&#8221;.vc_custom_1614760212563{padding-right: 15px !important;padding-left: 15px !important;}&#8221;][vc_single_image image=&#8221;8361&#8243; alignment=&#8221;center&#8221;][\/vc_column][vc_column width=&#8221;1\/5&#8243; css=&#8221;.vc_custom_1614760233019{padding-right: 15px !important;padding-left: 15px !important;}&#8221;][vc_single_image image=&#8221;8364&#8243; alignment=&#8221;center&#8221;][\/vc_column][vc_column width=&#8221;1\/5&#8243;][vc_single_image image=&#8221;13563&#8243; alignment=&#8221;center&#8221;][\/vc_column][\/vc_row][vc_row][vc_column]<div  class=\"empty-space  marg-lg-b25\"><\/div>[\/vc_column][\/vc_row][vc_row full_width=&#8221;stretch_row&#8221;][vc_column offset=&#8221;vc_hidden-sm vc_hidden-xs&#8221;]\t\t\t<rs-module-wrap id=\"rev_slider_error_1_wrapper\">\n\t\t\t\t<rs-module id=\"rev_slider_error_1\">\n\t\t\t\t\t<div class=\"rs_error_message_box\">\n\t\t\t\t\t\t<div class=\"rs_error_message_oops\">There is nothing to show here!<\/div>\n\t\t\t\t\t\t<div class=\"rs_error_message_content\">Slider with alias RESORTY-en not found.<\/div>\n\t\t\t\t\t<\/div>\n\t\t\t\t<\/rs-module>\n\t\t\t<\/rs-module-wrap>\n\t\t\t<script>\n\t\t\t\tvar rs_eslider = document.getElementById(\"rev_slider_error_1\");\n\t\t\t\trs_eslider.style.display = \"none\";\n\t\t\t\tconsole.log(\"Slider with alias RESORTY-en not found.\");\n\t\t\t<\/script>\n[\/vc_column][\/vc_row]<\/p>\n<\/div>","protected":false},"excerpt":{"rendered":"<p>[vc_row][vc_column][vc_separator color=&#8221;custom&#8221; border_width=&#8221;2&#8243; el_width=&#8221;50&#8243; accent_color=&#8221;#c7b39a&#8221;][vc_separator color=&#8221;custom&#8221; border_width=&#8221;2&#8243; el_width=&#8221;50&#8243; accent_color=&#8221;#c7b39a&#8221;][\/vc_column][\/vc_row][vc_row][vc_column][\/vc_column][\/vc_row][vc_row content_placement=&#8221;middle&#8221;][vc_column width=&#8221;1\/5&#8243; css=&#8221;.vc_custom_1614760174321{padding-right: 15px !important;padding-left: 15px !important;}&#8221;][vc_single_image image=&#8221;8358&#8243; alignment=&#8221;center&#8221;][\/vc_column][vc_column width=&#8221;1\/5&#8243; css=&#8221;.vc_custom_1614760202197{padding-right: 15px !important;padding-left: 15px !important;}&#8221;][vc_single_image image=&#8221;8382&#8243; alignment=&#8221;center&#8221;][\/vc_column][vc_column width=&#8221;1\/5&#8243; css=&#8221;.vc_custom_1614760212563{padding-right: 15px !important;padding-left:<\/p>\n","protected":false},"author":3,"featured_media":0,"parent":0,"menu_order":0,"comment_status":"closed","ping_status":"closed","template":"","meta":{"footnotes":""},"class_list":["post-15838","page","type-page","status-publish","hentry"],"yoast_head":"<!-- This site is optimized with the Yoast SEO Premium plugin v27.3 (Yoast SEO v27.3) - https:\/\/yoast.com\/product\/yoast-seo-premium-wordpress\/ -->\n<title>Benefit programmes - Amenity Resorts<\/title>\n<meta name=\"description\" content=\"Turn your employer&#039;s benefits into an experience. Go on holiday or enjoy some quality time with your loved ones at Amenity Hotels &amp; Resorts!\" \/>\n<meta name=\"robots\" content=\"index, follow, max-snippet:-1, max-image-preview:large, max-video-preview:-1\" \/>\n<link rel=\"canonical\" href=\"https:\/\/amenity.cz\/en\/benefit-programmes\/\" \/>\n<meta property=\"og:locale\" content=\"en_US\" \/>\n<meta property=\"og:type\" content=\"article\" \/>\n<meta property=\"og:title\" content=\"Benefit programmes\" \/>\n<meta property=\"og:description\" content=\"Turn your employer&#039;s benefits into an experience. Go on holiday or enjoy some quality time with your loved ones at Amenity Hotels &amp; Resorts!\" \/>\n<meta property=\"og:url\" content=\"https:\/\/amenity.cz\/en\/benefit-programmes\/\" \/>\n<meta property=\"og:site_name\" content=\"Amenity Resorts\" \/>\n<meta property=\"article:publisher\" content=\"https:\/\/www.facebook.com\/amenityresorts\" \/>\n<meta property=\"article:modified_time\" content=\"2025-05-13T11:42:21+00:00\" \/>\n<meta property=\"og:image\" content=\"https:\/\/amenity.cz\/wp-content\/uploads\/2025\/10\/amenity-resorts-domov-uprostred-prirody.jpg\" \/>\n\t<meta property=\"og:image:width\" content=\"1200\" \/>\n\t<meta property=\"og:image:height\" content=\"675\" \/>\n\t<meta property=\"og:image:type\" content=\"image\/jpeg\" \/>\n<meta name=\"twitter:card\" content=\"summary_large_image\" \/>\n<meta name=\"twitter:site\" content=\"@amenityresorts\" \/>\n<meta name=\"twitter:label1\" content=\"Est. reading time\" \/>\n\t<meta name=\"twitter:data1\" content=\"3 minutes\" \/>\n<script type=\"application\/ld+json\" class=\"yoast-schema-graph\">{\"@context\":\"https:\\\/\\\/schema.org\",\"@graph\":[{\"@type\":\"WebPage\",\"@id\":\"https:\\\/\\\/amenity.cz\\\/en\\\/benefit-programmes\\\/\",\"url\":\"https:\\\/\\\/amenity.cz\\\/en\\\/benefit-programmes\\\/\",\"name\":\"Benefit programmes - Amenity Resorts\",\"isPartOf\":{\"@id\":\"https:\\\/\\\/amenity.cz\\\/en\\\/#website\"},\"datePublished\":\"2025-05-13T11:41:33+00:00\",\"dateModified\":\"2025-05-13T11:42:21+00:00\",\"description\":\"Turn your employer's benefits into an experience. Go on holiday or enjoy some quality time with your loved ones at Amenity Hotels & Resorts!\",\"breadcrumb\":{\"@id\":\"https:\\\/\\\/amenity.cz\\\/en\\\/benefit-programmes\\\/#breadcrumb\"},\"inLanguage\":\"en-US\",\"potentialAction\":[{\"@type\":\"ReadAction\",\"target\":[\"https:\\\/\\\/amenity.cz\\\/en\\\/benefit-programmes\\\/\"]}]},{\"@type\":\"BreadcrumbList\",\"@id\":\"https:\\\/\\\/amenity.cz\\\/en\\\/benefit-programmes\\\/#breadcrumb\",\"itemListElement\":[{\"@type\":\"ListItem\",\"position\":1,\"name\":\"Dom\u016f\",\"item\":\"https:\\\/\\\/amenity.cz\\\/en\\\/\"},{\"@type\":\"ListItem\",\"position\":2,\"name\":\"Benefit programmes\"}]},{\"@type\":\"WebSite\",\"@id\":\"https:\\\/\\\/amenity.cz\\\/en\\\/#website\",\"url\":\"https:\\\/\\\/amenity.cz\\\/en\\\/\",\"name\":\"Amenity Resorts\",\"description\":\"\u010cesk\u00fd hotelov\u00fd \u0159et\u011bzec\",\"alternateName\":\"Amenity Hotels & Resorts\",\"potentialAction\":[{\"@type\":\"SearchAction\",\"target\":{\"@type\":\"EntryPoint\",\"urlTemplate\":\"https:\\\/\\\/amenity.cz\\\/en\\\/?s={search_term_string}\"},\"query-input\":{\"@type\":\"PropertyValueSpecification\",\"valueRequired\":true,\"valueName\":\"search_term_string\"}}],\"inLanguage\":\"en-US\"}]}<\/script>\n<!-- \/ Yoast SEO Premium plugin. -->","yoast_head_json":{"title":"Benefit programmes - Amenity Resorts","description":"Turn your employer's benefits into an experience. Go on holiday or enjoy some quality time with your loved ones at Amenity Hotels & Resorts!","robots":{"index":"index","follow":"follow","max-snippet":"max-snippet:-1","max-image-preview":"max-image-preview:large","max-video-preview":"max-video-preview:-1"},"canonical":"https:\/\/amenity.cz\/en\/benefit-programmes\/","og_locale":"en_US","og_type":"article","og_title":"Benefit programmes","og_description":"Turn your employer's benefits into an experience. Go on holiday or enjoy some quality time with your loved ones at Amenity Hotels & Resorts!","og_url":"https:\/\/amenity.cz\/en\/benefit-programmes\/","og_site_name":"Amenity Resorts","article_publisher":"https:\/\/www.facebook.com\/amenityresorts","article_modified_time":"2025-05-13T11:42:21+00:00","og_image":[{"width":1200,"height":675,"url":"https:\/\/amenity.cz\/wp-content\/uploads\/2025\/10\/amenity-resorts-domov-uprostred-prirody.jpg","type":"image\/jpeg"}],"twitter_card":"summary_large_image","twitter_site":"@amenityresorts","twitter_misc":{"Est. reading time":"3 minutes"},"schema":{"@context":"https:\/\/schema.org","@graph":[{"@type":"WebPage","@id":"https:\/\/amenity.cz\/en\/benefit-programmes\/","url":"https:\/\/amenity.cz\/en\/benefit-programmes\/","name":"Benefit programmes - Amenity Resorts","isPartOf":{"@id":"https:\/\/amenity.cz\/en\/#website"},"datePublished":"2025-05-13T11:41:33+00:00","dateModified":"2025-05-13T11:42:21+00:00","description":"Turn your employer's benefits into an experience. Go on holiday or enjoy some quality time with your loved ones at Amenity Hotels & Resorts!","breadcrumb":{"@id":"https:\/\/amenity.cz\/en\/benefit-programmes\/#breadcrumb"},"inLanguage":"en-US","potentialAction":[{"@type":"ReadAction","target":["https:\/\/amenity.cz\/en\/benefit-programmes\/"]}]},{"@type":"BreadcrumbList","@id":"https:\/\/amenity.cz\/en\/benefit-programmes\/#breadcrumb","itemListElement":[{"@type":"ListItem","position":1,"name":"Dom\u016f","item":"https:\/\/amenity.cz\/en\/"},{"@type":"ListItem","position":2,"name":"Benefit programmes"}]},{"@type":"WebSite","@id":"https:\/\/amenity.cz\/en\/#website","url":"https:\/\/amenity.cz\/en\/","name":"Amenity Resorts","description":"\u010cesk\u00fd hotelov\u00fd \u0159et\u011bzec","alternateName":"Amenity Hotels & Resorts","potentialAction":[{"@type":"SearchAction","target":{"@type":"EntryPoint","urlTemplate":"https:\/\/amenity.cz\/en\/?s={search_term_string}"},"query-input":{"@type":"PropertyValueSpecification","valueRequired":true,"valueName":"search_term_string"}}],"inLanguage":"en-US"}]}},"_links":{"self":[{"href":"https:\/\/amenity.cz\/en\/wp-json\/wp\/v2\/pages\/15838","targetHints":{"allow":["GET"]}}],"collection":[{"href":"https:\/\/amenity.cz\/en\/wp-json\/wp\/v2\/pages"}],"about":[{"href":"https:\/\/amenity.cz\/en\/wp-json\/wp\/v2\/types\/page"}],"author":[{"embeddable":true,"href":"https:\/\/amenity.cz\/en\/wp-json\/wp\/v2\/users\/3"}],"replies":[{"embeddable":true,"href":"https:\/\/amenity.cz\/en\/wp-json\/wp\/v2\/comments?post=15838"}],"version-history":[{"count":3,"href":"https:\/\/amenity.cz\/en\/wp-json\/wp\/v2\/pages\/15838\/revisions"}],"predecessor-version":[{"id":15896,"href":"https:\/\/amenity.cz\/en\/wp-json\/wp\/v2\/pages\/15838\/revisions\/15896"}],"wp:attachment":[{"href":"https:\/\/amenity.cz\/en\/wp-json\/wp\/v2\/media?parent=15838"}],"curies":[{"name":"wp","href":"https:\/\/api.w.org\/{rel}","templated":true}]}}