{"id":3953,"date":"2019-10-14T23:25:14","date_gmt":"2019-10-14T21:25:14","guid":{"rendered":"http:\/\/amenity.cz\/special-events\/"},"modified":"2026-03-26T10:38:54","modified_gmt":"2026-03-26T08:38:54","slug":"special-offers","status":"publish","type":"page","link":"https:\/\/amenity.cz\/en\/special-offers\/","title":{"rendered":"SPECIAL EVENTS"},"content":{"rendered":"<div class=\"wpb-content-wrapper\"><p>[vc_row full_width=&#8221;stretch_row&#8221;][vc_column offset=&#8221;vc_hidden-sm vc_hidden-xs&#8221;]\n\t\t\t<!-- START ENDletospecialninabidky REVOLUTION SLIDER 6.7.4 --><p class=\"rs-p-wp-fix\"><\/p>\n\t\t\t<rs-module-wrap id=\"rev_slider_106_1_wrapper\" data-source=\"gallery\" style=\"visibility:hidden;background:#2b2b2b;padding:0;margin:0px auto;margin-top:0;margin-bottom:0;\">\n\t\t\t\t<rs-module id=\"rev_slider_106_1\" style=\"\" data-version=\"6.7.4\">\n\t\t\t\t\t<rs-slides style=\"overflow: hidden; position: absolute;\">\n\t\t\t\t\t\t<rs-slide style=\"position: absolute;\" data-key=\"rs-327\" data-title=\"Slide\" data-anim=\"e:slidingoverlay;ms:1000ms;\" data-in=\"o:1;y:-100%;\" data-rsparticles='{\"responsive\":false,\"fback\":false,\"particles\":{\"shape\":\":RSV6.3.0+:<path d=\\\"M17.21 9l-4.38-6.56c-.19-.28-.51-.42-.83-.42-.32 0-.64.14-.83.43L6.79 9H2c-.55 0-1 .45-1 1 0 .09.01.18.04.27l2.54 9.27c.23.84 1 1.46 1.92 1.46h13c.92 0 1.69-.62 1.93-1.46l2.54-9.27L23 10c0-.55-.45-1-1-1h-4.79zM9 9l3-4.4L15 9H9zm3 8c-1.1 0-2-.9-2-2s.9-2 2-2 2 .9 2 2-.9 2-2 2z\\\"><\\\/path>::24 24\",\"number\":40,\"size\":15,\"sizeMin\":0.75},\"styles\":{\"lines\":{\"color\":\"#000000\",\"opacity\":20,\"distance\":200},\"particle\":{\"ocolor\":true,\"opacity\":55,\"opacityMin\":30,\"opacityRandom\":true}},\"movement\":{\"speedMin\":3,\"direction\":\"bottom\"},\"interactivity\":{\"hoverMode\":\"repulse\"},\"bubble\":{\"size\":0,\"opacity\":5},\"grab\":{\"crawl\":false,\"crawlMaxLines\":5},\"repulse\":{\"distance\":500},\"attract\":{\"distance\":200,\"force\":10},\"pulse\":{\"size\":{\"min\":0.75},\"opacity\":{\"speed\":1}},\"physics\":{\"gravity\":0,\"minGravity\":0,\"gravityDir\":\"bottom\",\"damping\":70,\"hDrift\":0,\"vDrift\":0},\"enable\":true,\"hideOnMobile\":true}'>\n\t\t\t\t\t\t\t<img decoding=\"async\" src=\"\/\/amenity.cz\/wp-content\/plugins\/revslider\/sr6\/assets\/assets\/dummy.png\" alt=\"\" title=\"spindl_web jaro leto_1600x63011\" width=\"1600\" height=\"630\" class=\"rev-slidebg tp-rs-img rs-lazyload\" data-lazyload=\"\/\/amenity.cz\/wp-content\/uploads\/2021\/02\/spindl_web-jaro-leto_1600x63011.jpg\" data-panzoom=\"d:10000;ss:100;se:110%;\" data-no-retina>\n<!--\n\t\t\t\t\t\t\t--><h1\n\t\t\t\t\t\t\t\tid=\"slider-106-slide-327-layer-0\" \n\t\t\t\t\t\t\t\tclass=\"rs-layer\"\n\t\t\t\t\t\t\t\tdata-type=\"text\"\n\t\t\t\t\t\t\t\tdata-tsh=\"c:rgba(0,0,0,0.51);b:8px;\"\n\t\t\t\t\t\t\t\tdata-rsp_ch=\"on\"\n\t\t\t\t\t\t\t\tdata-xy=\"x:c;y:m;\"\n\t\t\t\t\t\t\t\tdata-text=\"w:normal;s:60,60,60,50;l:70,70,70,60;a:center;\"\n\t\t\t\t\t\t\t\tdata-frame_1=\"e:power4.inOut;sp:1500;\"\n\t\t\t\t\t\t\t\tdata-frame_999=\"o:0;e:power4.inOut;st:w;sp:1000;sR:7500;\"\n\t\t\t\t\t\t\t\tstyle=\"z-index:8;font-family:'Oswald';text-transform:uppercase;\"\n\t\t\t\t\t\t\t>E-shop \n\t\t\t\t\t\t\t<\/h1><!--\n\n\t\t\t\t\t\t\t--><a\n\t\t\t\t\t\t\t\tid=\"slider-106-slide-327-layer-1\" \n\t\t\t\t\t\t\t\tclass=\"rs-layer rev-btn\"\n\t\t\t\t\t\t\t\thref=\"eshop.amenity.cz\" target=\"_self\"\n\t\t\t\t\t\t\t\tdata-type=\"button\"\n\t\t\t\t\t\t\t\tdata-rsp_ch=\"on\"\n\t\t\t\t\t\t\t\tdata-xy=\"x:c;yo:380px,380px,380px,350px;\"\n\t\t\t\t\t\t\t\tdata-text=\"w:normal;s:20,20,20,21;l:50,50,50,40;a:center;\"\n\t\t\t\t\t\t\t\tdata-dim=\"minh:0px,0px,0px,none;\"\n\t\t\t\t\t\t\t\tdata-padding=\"r:20,20,20,17;l:20,20,20,17;\"\n\t\t\t\t\t\t\t\tdata-border=\"bos:solid;boc:#ffffff;bow:1px,1px,1px,1px;\"\n\t\t\t\t\t\t\t\tdata-frame_0=\"x:0,0,0,0px;y:100%;\"\n\t\t\t\t\t\t\t\tdata-frame_1=\"x:0,0,0,0px;y:0,0,0,0px;e:power4.inOut;st:1510;sp:1200;\"\n\t\t\t\t\t\t\t\tdata-frame_999=\"o:0;st:w;sR:7190;\"\n\t\t\t\t\t\t\t\tdata-frame_hover=\"c:#33190b;bgc:#fff;bor:0px,0px,0px,0px;sp:200;e:power1.inOut;\"\n\t\t\t\t\t\t\t\tstyle=\"z-index:11;background-color:#33190b;font-family:'Oswald';\"\n\t\t\t\t\t\t\t>Visit e-shop \n\t\t\t\t\t\t\t<\/a><!--\n\n\t\t\t\t\t\t\t--><rs-layer\n\t\t\t\t\t\t\t\tid=\"slider-106-slide-327-layer-2\" \n\t\t\t\t\t\t\t\tdata-type=\"object\"\n\t\t\t\t\t\t\t\tdata-rsp_ch=\"on\"\n\t\t\t\t\t\t\t\tdata-xy=\"xo:50px,50px,50px,23px;yo:50px,50px,50px,23px;\"\n\t\t\t\t\t\t\t\tdata-text=\"w:normal;s:20,20,20,8;l:0,0,0,11;\"\n\t\t\t\t\t\t\t\tdata-frame_999=\"o:0;st:w;sR:8700;\"\n\t\t\t\t\t\t\t\tstyle=\"z-index:10;font-family:'Roboto';\"\n\t\t\t\t\t\t\t> \n\t\t\t\t\t\t\t<\/rs-layer><!--\n-->\t\t\t\t\t<\/rs-slide>\n\t\t\t\t\t<\/rs-slides>\n\t\t\t\t\t<rs-static-layers><!--\n\t\t\t\t\t--><\/rs-static-layers>\n\t\t\t\t<\/rs-module>\n\t\t\t\t<script>\n\t\t\t\t\tsetREVStartSize({c: 'rev_slider_106_1',rl:[1600,1600,1600,750],el:[630,630,630,624],gw:[1600,1600,1600,750],gh:[630,630,630,625],type:'standard',justify:'',layout:'fullwidth',mh:\"0\"});if (window.RS_MODULES!==undefined && window.RS_MODULES.modules!==undefined && window.RS_MODULES.modules[\"revslider1061\"]!==undefined) {window.RS_MODULES.modules[\"revslider1061\"].once = false;window.revapi106 = undefined;if (window.RS_MODULES.checkMinimal!==undefined) window.RS_MODULES.checkMinimal()}\n\t\t\t\t<\/script>\n\t\t\t<\/rs-module-wrap>\n\t\t\t<!-- END REVOLUTION SLIDER -->\n[\/vc_column][\/vc_row][vc_row][vc_column]<div  class=\"empty-space  marg-lg-b35\"><\/div><div class=\"text-block \" ><div class=\"simple-text \"><h1 style=\"text-align: center;\">Special offers &amp; news<\/h1>\n<p style=\"text-align: center;\">Choose from our special offers for accommodation, holiday packages, last minute offers and discount deals in Amenity Hotels &amp; Resorts.<\/p>\n<\/div><\/div>[\/vc_column][\/vc_row][vc_row full_width=&#8221;stretch_row_content_no_spaces&#8221; bg_type=&#8221;bg_color&#8221; bg_color_value=&#8221;#293635&#8243;][vc_column]<div  class=\"empty-space  marg-lg-b25\"><\/div>[vc_raw_js]JTNDc2NyaXB0JTNFJTBBJTIwJTIwJTIwJTIwJTIwJTIwJTIwJTIwJTI4ZnVuY3Rpb24lMjAlMjh3JTJDZCUyQ3MlMkNvJTJDZiUyQ2pzJTJDZmpzJTI5JTIwJTdCJTBBJTIwJTIwJTIwJTIwJTIwJTIwJTIwJTIwJTIwJTIwJTIwJTIwdyU1QiUyN2VjbS13aWRnZXQlMjclNUQlM0RvJTNCdyU1Qm8lNUQlMjAlM0QlMjB3JTVCbyU1RCUyMCU3QyU3QyUyMGZ1bmN0aW9uJTIwJTI4JTI5JTIwJTdCJTIwJTI4dyU1Qm8lNUQucSUyMCUzRCUyMHclNUJvJTVELnElMjAlN0MlN0MlMjAlNUIlNUQlMjkucHVzaCUyOGFyZ3VtZW50cyUyOSUyMCU3RCUzQiUwQSUyMCUyMCUyMCUyMCUyMCUyMCUyMCUyMCUyMCUyMCUyMCUyMGpzJTIwJTNEJTIwZC5jcmVhdGVFbGVtZW50JTI4cyUyOSUyQyUyMGZqcyUyMCUzRCUyMGQuZ2V0RWxlbWVudHNCeVRhZ05hbWUlMjhzJTI5JTVCMCU1RCUzQiUwQSUyMCUyMCUyMCUyMCUyMCUyMCUyMCUyMCUyMCUyMCUyMCUyMGpzLmlkJTIwJTNEJTIwJTI3MjctNjA3NDRkZTFlYzQ4ZGJhNTBiZWIyODU3MmVlMjU2MzYlMjclM0IlMjBqcy5kYXRhc2V0LmElMjAlM0QlMjAlMjdhbWVuaXR5cmVzb3J0cyUyNyUzQiUyMGpzLnNyYyUyMCUzRCUyMGYlM0IlMjBqcy5hc3luYyUyMCUzRCUyMDElM0IlMjBmanMucGFyZW50Tm9kZS5pbnNlcnRCZWZvcmUlMjhqcyUyQyUyMGZqcyUyOSUzQiUwQSUyMCUyMCUyMCUyMCUyMCUyMCUyMCUyMCU3RCUyOHdpbmRvdyUyQyUyMGRvY3VtZW50JTJDJTIwJTI3c2NyaXB0JTI3JTJDJTIwJTI3ZWNtd2lkZ2V0JTI3JTJDJTIwJTI3aHR0cHMlM0ElMkYlMkZkNzBzaGw3dmlkdGZ0LmNsb3VkZnJvbnQubmV0JTJGd2lkZ2V0LmpzJTI3JTI5JTI5JTNCJTBBJTIwJTIwJTIwJTIwJTNDJTJGc2NyaXB0JTNFJTBBJTIwJTIwJTIwJTIwJTIwJTIwJTIwJTIwJTIwJTIwJTIwJTIwJTNDZGl2JTIwaWQlM0QlMjJmLTI3LTYwNzQ0ZGUxZWM0OGRiYTUwYmViMjg1NzJlZTI1NjM2JTIyJTNFJTNDJTJGZGl2JTNF[\/vc_raw_js]<div  class=\"empty-space  marg-lg-b25\"><\/div>[\/vc_column][\/vc_row][vc_row][vc_column]<div  class=\"empty-space  marg-lg-b25\"><\/div>[vc_separator color=&#8221;custom&#8221; border_width=&#8221;2&#8243; el_width=&#8221;50&#8243; accent_color=&#8221;#c7b39a&#8221;]<div  class=\"empty-space  marg-lg-b10\"><\/div>[\/vc_column][\/vc_row][vc_row full_width=&#8221;stretch_row_content_no_spaces&#8221;][vc_column offset=&#8221;vc_hidden-sm vc_hidden-xs&#8221;]<div  class=\"hb-text-block__wrapper style2\"><div class=\"row\"><div class=\"col-md-6\"><div class=\"hb-text_block_content\"><div class=\"hb-text-block___inner_wrapper text-right\"><div class=\"featured-rooms-slider__title title-color-black\">Try driving Mercedes Benz EQA and EQB electric cars<\/div><div class=\"featured-rooms-slider__text content-color-grey\">In cooperation with our general partner SAGA PRAHA, we offer you the opportunity to test drive Mercedes Benz EQA and EQB electric cars.<\/div><a class=\"btn btn--md btn--normal\" href=\"https:\/\/amenity.cz\/en\/saga-praha-partner\/\" title=\"SAGA PRAHA \u2013 gener\u00e1ln\u00ed partner\" target=\"_self\">FIND MORE<\/a><\/div><\/div><\/div><div class=\"col-md-6\"><div class=\"hb-image__block\"><img decoding=\"async\" src=\"https:\/\/amenity.cz\/wp-content\/uploads\/2024\/06\/mercedes_slider_750x625_2.jpg\" alt=\"\" \/><\/div><\/div><\/div><\/div>[\/vc_column][vc_column offset=&#8221;vc_hidden-lg vc_hidden-md&#8221;]<div  class=\"hb-text-block__wrapper style1\"><div class=\"row\"><div class=\"col-md-6\"><div class=\"hb-image__block\"><img decoding=\"async\" src=\"https:\/\/amenity.cz\/wp-content\/uploads\/2024\/06\/mercedes_slider_750x625_2.jpg\" alt=\"\" \/><\/div><\/div><div class=\"col-md-6\"><div class=\"hb-text_block_content\"><div class=\"hb-text-block___inner_wrapper\"><div class=\"featured-rooms-slider__title title-color-black\" style=\"color:#333333;\">Try driving Mercedes Benz EQA and EQB electric cars<\/div><div class=\"featured-rooms-slider__text content-color-grey\">In cooperation with our general partner SAGA PRAHA, we offer you the opportunity to test drive Mercedes Benz EQA and EQB electric cars.<\/div><a class=\"btn btn--md btn--normal\" href=\"https:\/\/amenity.cz\/en\/saga-praha-partner\/\" title=\"SAGA PRAHA \u2013 gener\u00e1ln\u00ed partner\" target=\"_self\">FIND MORE<\/a><\/div><\/div><\/div><\/div><\/div>[\/vc_column][\/vc_row][vc_row full_width=&#8221;stretch_row_content_no_spaces&#8221;][vc_column offset=&#8221;vc_hidden-sm vc_hidden-xs&#8221;]<div  class=\"hb-text-block__wrapper style1\"><div class=\"row\"><div class=\"col-md-6\"><div class=\"hb-image__block\"><img decoding=\"async\" src=\"https:\/\/amenity.cz\/wp-content\/uploads\/2020\/06\/lipno-joga-fitness-cklenka_amenityresorts_750x625.jpg\" alt=\"\" \/><\/div><\/div><div class=\"col-md-6\"><div class=\"hb-text_block_content\"><div class=\"hb-text-block___inner_wrapper\"><div class=\"featured-rooms-slider__title title-color-black\" style=\"color:#333333;\">Orlick\u00e9 Mountains: Yoga and sauna rituals<\/div><div class=\"featured-rooms-slider__text content-color-grey\">In today&#8217;s hectic times, regular regeneration of the body is the best thing anyone can do for themselves. At Amenity Hotel &amp; Resort Orlick\u00e9 hory, we have prepared a yoga class with experienced instructor Vanda \u0160pan\u011blov\u00e1 every Thursday. Thanks to meditative creative vinyasa, you will exercise your body and immerse yourself in your inner self. Certified sauna master Josef \u0160t\u011bp\u00e1n will guide you through sauna rituals.<\/div><a class=\"btn btn--md btn--normal\" href=\"https:\/\/orlickehory.amenity.cz\/en\/yoga-thursdays\/\" title=\"button\" target=\"_blank\">FIND MORE<\/a><\/div><\/div><\/div><\/div><\/div>[\/vc_column][vc_column offset=&#8221;vc_hidden-lg vc_hidden-md&#8221;]<div  class=\"hb-text-block__wrapper style1\"><div class=\"row\"><div class=\"col-md-6\"><div class=\"hb-image__block\"><img decoding=\"async\" src=\"https:\/\/amenity.cz\/wp-content\/uploads\/2020\/06\/lipno-joga-fitness-cklenka_amenityresorts_750x625.jpg\" alt=\"\" \/><\/div><\/div><div class=\"col-md-6\"><div class=\"hb-text_block_content\"><div class=\"hb-text-block___inner_wrapper\"><div class=\"featured-rooms-slider__title title-color-black\" style=\"color:#333333;\">Orlick\u00e9 Mountains: Yoga and sauna rituals<\/div><div class=\"featured-rooms-slider__text content-color-grey\">In today&#8217;s hectic times, regular regeneration of the body is the best thing anyone can do for themselves. At Amenity Hotel &amp; Resort Orlick\u00e9 hory, we have prepared a yoga class with experienced instructor Vanda \u0160pan\u011blov\u00e1 every Thursday. Thanks to meditative creative vinyasa, you will exercise your body and immerse yourself in your inner self. Certified sauna master Josef \u0160t\u011bp\u00e1n will guide you through sauna rituals.<\/div><a class=\"btn btn--md btn--normal\" href=\"https:\/\/orlickehory.amenity.cz\/en\/yoga-thursdays\/\" title=\"button\" target=\"_blank\">FIND MORE<\/a><\/div><\/div><\/div><\/div><\/div>[\/vc_column][\/vc_row][vc_row full_width=&#8221;stretch_row_content_no_spaces&#8221;][vc_column]<div  class=\"hb-text-block__wrapper style2\"><div class=\"row\"><div class=\"col-md-6\"><div class=\"hb-text_block_content\"><div class=\"hb-text-block___inner_wrapper text-right\"><div class=\"featured-rooms-slider__title title-color-black\">Lipno: Czech RepuBRICK - Exhibition of legos that the world has not seen!<\/div><div class=\"featured-rooms-slider__text content-color-grey\"><\/p>\n<div class=\"text-block \">\n<div class=\"simple-text \">\n<p>Czech monuments, cult film scenes and crash cars have turned into giant models made of lego cubes.<\/p>\n<\/div>\n<\/div>\n<p><\/div><a class=\"btn btn--md btn--normal\" href=\"http:\/\/lipno.amenity.cz\/en\/lego-exhibition-czech-repubrick\/\" title=\"LEGO\" target=\"_self\">FIND MORE<\/a><\/div><\/div><\/div><div class=\"col-md-6\"><div class=\"hb-image__block\"><img decoding=\"async\" src=\"https:\/\/amenity.cz\/wp-content\/uploads\/2022\/03\/750x625-lego.jpg\" alt=\"\" \/><\/div><\/div><\/div><\/div>[\/vc_column][vc_column offset=&#8221;vc_hidden-lg vc_hidden-md&#8221;]<div  class=\"hb-text-block__wrapper style1\"><div class=\"row\"><div class=\"col-md-6\"><div class=\"hb-image__block\"><img decoding=\"async\" src=\"https:\/\/amenity.cz\/wp-content\/uploads\/2022\/03\/750x625-lego.jpg\" alt=\"\" \/><\/div><\/div><div class=\"col-md-6\"><div class=\"hb-text_block_content\"><div class=\"hb-text-block___inner_wrapper\"><div class=\"featured-rooms-slider__title title-color-black\" style=\"color:#333333;\">Lipno: Czech RepuBRICK - Exhibition of legos that the world has not seen!<\/div><div class=\"featured-rooms-slider__text content-color-grey\"><\/p>\n<div class=\"text-block \">\n<div class=\"simple-text \">\n<p>Czech monuments, cult film scenes and crash cars have turned into giant models made of lego cubes.<\/p>\n<\/div>\n<\/div>\n<p><\/div><a class=\"btn btn--md btn--normal\" href=\"http:\/\/lipno.amenity.cz\/en\/lego-exhibition-czech-repubrick\/\" title=\"LEGO\" target=\"_self\">FIND MORE<\/a><\/div><\/div><\/div><\/div><\/div>[\/vc_column][\/vc_row][vc_row full_width=&#8221;stretch_row_content_no_spaces&#8221;][vc_column offset=&#8221;vc_hidden-sm vc_hidden-xs&#8221;]<div  class=\"hb-text-block__wrapper style1\"><div class=\"row\"><div class=\"col-md-6\"><div class=\"hb-image__block\"><img decoding=\"async\" src=\"https:\/\/amenity.cz\/wp-content\/uploads\/2022\/02\/amenity-voucher_750x625.jpg\" alt=\"\" \/><\/div><\/div><div class=\"col-md-6\"><div class=\"hb-text_block_content\"><div class=\"hb-text-block___inner_wrapper\"><div class=\"featured-rooms-slider__title title-color-black\" style=\"color:#333333;\">Accommodation gift vouchers<\/div><div class=\"featured-rooms-slider__text content-color-grey\">Give your loved ones gift vouchers for the most beautiful locations in Bohemia: Lipno, \u0160pindler\u016fv Ml\u00fdn, Orlick\u00e9 hory, Horn\u00ed V\u011bstonice or Czech Canada. Choose the value of the gift voucher, write a message and you have the perfect gift.<\/div><a class=\"btn btn--md btn--normal\" href=\"http:\/\/eshop.amenity.cz\" title=\"button\" target=\"_blank\">BUY VOUCHER<\/a><\/div><\/div><\/div><\/div><\/div>[\/vc_column][vc_column offset=&#8221;vc_hidden-lg vc_hidden-md&#8221;]<div  class=\"hb-text-block__wrapper style1\"><div class=\"row\"><div class=\"col-md-6\"><div class=\"hb-image__block\"><img decoding=\"async\" src=\"https:\/\/amenity.cz\/wp-content\/uploads\/2022\/02\/amenity-voucher_750x625.jpg\" alt=\"\" \/><\/div><\/div><div class=\"col-md-6\"><div class=\"hb-text_block_content\"><div class=\"hb-text-block___inner_wrapper\"><div class=\"featured-rooms-slider__title title-color-black\" style=\"color:#333333;\">Accommodation gift vouchers<\/div><div class=\"featured-rooms-slider__text content-color-grey\">Give your loved ones gift vouchers for the most beautiful locations in Bohemia: Lipno, \u0160pindler\u016fv Ml\u00fdn, Orlick\u00e9 hory, Horn\u00ed V\u011bstonice or Czech Canada. Choose the value of the gift voucher, write a message and you have the perfect gift.<\/div><a class=\"btn btn--md btn--normal\" href=\"http:\/\/eshop.amenity.cz\" title=\"button\" target=\"_blank\">BUY VOUCHER<\/a><\/div><\/div><\/div><\/div><\/div>[\/vc_column][\/vc_row]<\/p>\n<\/div>","protected":false},"excerpt":{"rendered":"<p>[vc_row full_width=&#8221;stretch_row&#8221;][vc_column offset=&#8221;vc_hidden-sm vc_hidden-xs&#8221;][\/vc_column][\/vc_row][vc_row][vc_column][\/vc_column][\/vc_row][vc_row full_width=&#8221;stretch_row_content_no_spaces&#8221; bg_type=&#8221;bg_color&#8221; bg_color_value=&#8221;#293635&#8243;][vc_column][vc_raw_js]JTNDc2NyaXB0JTNFJTBBJTIwJTIwJTIwJTIwJTIwJTIwJTIwJTIwJTI4ZnVuY3Rpb24lMjAlMjh3JTJDZCUyQ3MlMkNvJTJDZiUyQ2pzJTJDZmpzJTI5JTIwJTdCJTBBJTIwJTIwJTIwJTIwJTIwJTIwJTIwJTIwJTIwJTIwJTIwJTIwdyU1QiUyN2VjbS13aWRnZXQlMjclNUQlM0RvJTNCdyU1Qm8lNUQlMjAlM0QlMjB3JTVCbyU1RCUyMCU3QyU3QyUyMGZ1bmN0aW9uJTIwJTI4JTI5JTIwJTdCJTIwJTI4dyU1Qm8lNUQucSUyMCUzRCUyMHclNUJvJTVELnElMjAlN0MlN0MlMjAlNUIlNUQlMjkucHVzaCUyOGFyZ3VtZW50cyUyOSUyMCU3RCUzQiUwQSUyMCUyMCUyMCUyMCUyMCUyMCUyMCUyMCUyMCUyMCUyMCUyMGpzJTIwJTNEJTIwZC5jcmVhdGVFbGVtZW50JTI4cyUyOSUyQyUyMGZqcyUyMCUzRCUyMGQuZ2V0RWxlbWVudHNCeVRhZ05hbWUlMjhzJTI5JTVCMCU1RCUzQiUwQSUyMCUyMCUyMCUyMCUyMCUyMCUyMCUyMCUyMCUyMCUyMCUyMGpzLmlkJTIwJTNEJTIwJTI3MjctNjA3NDRkZTFlYzQ4ZGJhNTBiZWIyODU3MmVlMjU2MzYlMjclM0IlMjBqcy5kYXRhc2V0LmElMjAlM0QlMjAlMjdhbWVuaXR5cmVzb3J0cyUyNyUzQiUyMGpzLnNyYyUyMCUzRCUyMGYlM0IlMjBqcy5hc3luYyUyMCUzRCUyMDElM0IlMjBmanMucGFyZW50Tm9kZS5pbnNlcnRCZWZvcmUlMjhqcyUyQyUyMGZqcyUyOSUzQiUwQSUyMCUyMCUyMCUyMCUyMCUyMCUyMCUyMCU3RCUyOHdpbmRvdyUyQyUyMGRvY3VtZW50JTJDJTIwJTI3c2NyaXB0JTI3JTJDJTIwJTI3ZWNtd2lkZ2V0JTI3JTJDJTIwJTI3aHR0cHMlM0ElMkYlMkZkNzBzaGw3dmlkdGZ0LmNsb3VkZnJvbnQubmV0JTJGd2lkZ2V0LmpzJTI3JTI5JTI5JTNCJTBBJTIwJTIwJTIwJTIwJTNDJTJGc2NyaXB0JTNFJTBBJTIwJTIwJTIwJTIwJTIwJTIwJTIwJTIwJTIwJTIwJTIwJTIwJTNDZGl2JTIwaWQlM0QlMjJmLTI3LTYwNzQ0ZGUxZWM0OGRiYTUwYmViMjg1NzJlZTI1NjM2JTIyJTNFJTNDJTJGZGl2JTNF[\/vc_raw_js][\/vc_column][\/vc_row][vc_row][vc_column][vc_separator color=&#8221;custom&#8221; border_width=&#8221;2&#8243; el_width=&#8221;50&#8243; accent_color=&#8221;#c7b39a&#8221;][\/vc_column][\/vc_row][vc_row full_width=&#8221;stretch_row_content_no_spaces&#8221;][vc_column offset=&#8221;vc_hidden-sm vc_hidden-xs&#8221;][\/vc_column][vc_column offset=&#8221;vc_hidden-lg vc_hidden-md&#8221;][\/vc_column][\/vc_row][vc_row full_width=&#8221;stretch_row_content_no_spaces&#8221;][vc_column offset=&#8221;vc_hidden-sm vc_hidden-xs&#8221;][\/vc_column][vc_column offset=&#8221;vc_hidden-lg vc_hidden-md&#8221;][\/vc_column][\/vc_row][vc_row full_width=&#8221;stretch_row_content_no_spaces&#8221;][vc_column][\/vc_column][vc_column offset=&#8221;vc_hidden-lg vc_hidden-md&#8221;][\/vc_column][\/vc_row][vc_row full_width=&#8221;stretch_row_content_no_spaces&#8221;][vc_column offset=&#8221;vc_hidden-sm vc_hidden-xs&#8221;][\/vc_column][vc_column offset=&#8221;vc_hidden-lg vc_hidden-md&#8221;][\/vc_column][\/vc_row]<\/p>\n","protected":false},"author":2,"featured_media":0,"parent":0,"menu_order":0,"comment_status":"closed","ping_status":"closed","template":"","meta":{"footnotes":""},"class_list":["post-3953","page","type-page","status-publish","hentry"],"yoast_head":"<!-- This site is optimized with the Yoast SEO Premium plugin v27.3 (Yoast SEO v27.3) - https:\/\/yoast.com\/product\/yoast-seo-premium-wordpress\/ -->\n<title>Special offers for accommodation - Amenity Resorts s.r.o.<\/title>\n<meta name=\"description\" content=\"Choose from our special offers for accommodation, holiday packages, last minute offers and discount deals in Amenity Resorts.\" \/>\n<meta name=\"robots\" content=\"index, follow, max-snippet:-1, max-image-preview:large, max-video-preview:-1\" \/>\n<link rel=\"canonical\" href=\"https:\/\/amenity.cz\/en\/special-offers\/\" \/>\n<meta property=\"og:locale\" content=\"en_US\" \/>\n<meta property=\"og:type\" content=\"article\" \/>\n<meta property=\"og:title\" content=\"SPECIAL EVENTS\" \/>\n<meta property=\"og:description\" content=\"Choose from our special offers for accommodation, holiday packages, last minute offers and discount deals in Amenity Resorts.\" \/>\n<meta property=\"og:url\" content=\"https:\/\/amenity.cz\/en\/special-offers\/\" \/>\n<meta property=\"og:site_name\" content=\"Amenity Resorts\" \/>\n<meta property=\"article:publisher\" content=\"https:\/\/www.facebook.com\/amenityresorts\" \/>\n<meta property=\"article:modified_time\" content=\"2026-03-26T08:38:54+00:00\" \/>\n<meta property=\"og:image\" content=\"https:\/\/amenity.cz\/wp-content\/uploads\/2025\/10\/amenity-resorts-domov-uprostred-prirody.jpg\" \/>\n\t<meta property=\"og:image:width\" content=\"1200\" \/>\n\t<meta property=\"og:image:height\" content=\"675\" \/>\n\t<meta property=\"og:image:type\" content=\"image\/jpeg\" \/>\n<meta name=\"twitter:card\" content=\"summary_large_image\" \/>\n<meta name=\"twitter:site\" content=\"@amenityresorts\" \/>\n<meta name=\"twitter:label1\" content=\"Est. reading time\" \/>\n\t<meta name=\"twitter:data1\" content=\"5 minutes\" \/>\n<script type=\"application\/ld+json\" class=\"yoast-schema-graph\">{\"@context\":\"https:\\\/\\\/schema.org\",\"@graph\":[{\"@type\":\"WebPage\",\"@id\":\"https:\\\/\\\/amenity.cz\\\/en\\\/special-offers\\\/\",\"url\":\"https:\\\/\\\/amenity.cz\\\/en\\\/special-offers\\\/\",\"name\":\"Special offers for accommodation - Amenity Resorts s.r.o.\",\"isPartOf\":{\"@id\":\"https:\\\/\\\/amenity.cz\\\/en\\\/#website\"},\"datePublished\":\"2019-10-14T21:25:14+00:00\",\"dateModified\":\"2026-03-26T08:38:54+00:00\",\"description\":\"Choose from our special offers for accommodation, holiday packages, last minute offers and discount deals in Amenity Resorts.\",\"breadcrumb\":{\"@id\":\"https:\\\/\\\/amenity.cz\\\/en\\\/special-offers\\\/#breadcrumb\"},\"inLanguage\":\"en-US\",\"potentialAction\":[{\"@type\":\"ReadAction\",\"target\":[\"https:\\\/\\\/amenity.cz\\\/en\\\/special-offers\\\/\"]}]},{\"@type\":\"BreadcrumbList\",\"@id\":\"https:\\\/\\\/amenity.cz\\\/en\\\/special-offers\\\/#breadcrumb\",\"itemListElement\":[{\"@type\":\"ListItem\",\"position\":1,\"name\":\"Dom\u016f\",\"item\":\"https:\\\/\\\/amenity.cz\\\/en\\\/\"},{\"@type\":\"ListItem\",\"position\":2,\"name\":\"SPECIAL EVENTS\"}]},{\"@type\":\"WebSite\",\"@id\":\"https:\\\/\\\/amenity.cz\\\/en\\\/#website\",\"url\":\"https:\\\/\\\/amenity.cz\\\/en\\\/\",\"name\":\"Amenity Resorts\",\"description\":\"\u010cesk\u00fd hotelov\u00fd \u0159et\u011bzec\",\"alternateName\":\"Amenity Hotels & Resorts\",\"potentialAction\":[{\"@type\":\"SearchAction\",\"target\":{\"@type\":\"EntryPoint\",\"urlTemplate\":\"https:\\\/\\\/amenity.cz\\\/en\\\/?s={search_term_string}\"},\"query-input\":{\"@type\":\"PropertyValueSpecification\",\"valueRequired\":true,\"valueName\":\"search_term_string\"}}],\"inLanguage\":\"en-US\"}]}<\/script>\n<!-- \/ Yoast SEO Premium plugin. -->","yoast_head_json":{"title":"Special offers for accommodation - Amenity Resorts s.r.o.","description":"Choose from our special offers for accommodation, holiday packages, last minute offers and discount deals in Amenity Resorts.","robots":{"index":"index","follow":"follow","max-snippet":"max-snippet:-1","max-image-preview":"max-image-preview:large","max-video-preview":"max-video-preview:-1"},"canonical":"https:\/\/amenity.cz\/en\/special-offers\/","og_locale":"en_US","og_type":"article","og_title":"SPECIAL EVENTS","og_description":"Choose from our special offers for accommodation, holiday packages, last minute offers and discount deals in Amenity Resorts.","og_url":"https:\/\/amenity.cz\/en\/special-offers\/","og_site_name":"Amenity Resorts","article_publisher":"https:\/\/www.facebook.com\/amenityresorts","article_modified_time":"2026-03-26T08:38:54+00:00","og_image":[{"width":1200,"height":675,"url":"https:\/\/amenity.cz\/wp-content\/uploads\/2025\/10\/amenity-resorts-domov-uprostred-prirody.jpg","type":"image\/jpeg"}],"twitter_card":"summary_large_image","twitter_site":"@amenityresorts","twitter_misc":{"Est. reading time":"5 minutes"},"schema":{"@context":"https:\/\/schema.org","@graph":[{"@type":"WebPage","@id":"https:\/\/amenity.cz\/en\/special-offers\/","url":"https:\/\/amenity.cz\/en\/special-offers\/","name":"Special offers for accommodation - Amenity Resorts s.r.o.","isPartOf":{"@id":"https:\/\/amenity.cz\/en\/#website"},"datePublished":"2019-10-14T21:25:14+00:00","dateModified":"2026-03-26T08:38:54+00:00","description":"Choose from our special offers for accommodation, holiday packages, last minute offers and discount deals in Amenity Resorts.","breadcrumb":{"@id":"https:\/\/amenity.cz\/en\/special-offers\/#breadcrumb"},"inLanguage":"en-US","potentialAction":[{"@type":"ReadAction","target":["https:\/\/amenity.cz\/en\/special-offers\/"]}]},{"@type":"BreadcrumbList","@id":"https:\/\/amenity.cz\/en\/special-offers\/#breadcrumb","itemListElement":[{"@type":"ListItem","position":1,"name":"Dom\u016f","item":"https:\/\/amenity.cz\/en\/"},{"@type":"ListItem","position":2,"name":"SPECIAL EVENTS"}]},{"@type":"WebSite","@id":"https:\/\/amenity.cz\/en\/#website","url":"https:\/\/amenity.cz\/en\/","name":"Amenity Resorts","description":"\u010cesk\u00fd hotelov\u00fd \u0159et\u011bzec","alternateName":"Amenity Hotels & Resorts","potentialAction":[{"@type":"SearchAction","target":{"@type":"EntryPoint","urlTemplate":"https:\/\/amenity.cz\/en\/?s={search_term_string}"},"query-input":{"@type":"PropertyValueSpecification","valueRequired":true,"valueName":"search_term_string"}}],"inLanguage":"en-US"}]}},"_links":{"self":[{"href":"https:\/\/amenity.cz\/en\/wp-json\/wp\/v2\/pages\/3953","targetHints":{"allow":["GET"]}}],"collection":[{"href":"https:\/\/amenity.cz\/en\/wp-json\/wp\/v2\/pages"}],"about":[{"href":"https:\/\/amenity.cz\/en\/wp-json\/wp\/v2\/types\/page"}],"author":[{"embeddable":true,"href":"https:\/\/amenity.cz\/en\/wp-json\/wp\/v2\/users\/2"}],"replies":[{"embeddable":true,"href":"https:\/\/amenity.cz\/en\/wp-json\/wp\/v2\/comments?post=3953"}],"version-history":[{"count":24,"href":"https:\/\/amenity.cz\/en\/wp-json\/wp\/v2\/pages\/3953\/revisions"}],"predecessor-version":[{"id":19255,"href":"https:\/\/amenity.cz\/en\/wp-json\/wp\/v2\/pages\/3953\/revisions\/19255"}],"wp:attachment":[{"href":"https:\/\/amenity.cz\/en\/wp-json\/wp\/v2\/media?parent=3953"}],"curies":[{"name":"wp","href":"https:\/\/api.w.org\/{rel}","templated":true}]}}