{"id":8569,"date":"2020-04-24T14:48:26","date_gmt":"2020-04-24T12:48:26","guid":{"rendered":"http:\/\/amenity.cz\/dezinfekce-v-resortech\/"},"modified":"2021-04-23T16:44:27","modified_gmt":"2021-04-23T14:44:27","slug":"hand-sanitiser-in-resorts","status":"publish","type":"page","link":"https:\/\/amenity.cz\/en\/hand-sanitiser-in-resorts\/","title":{"rendered":"Hand sanitiser in resorts"},"content":{"rendered":"<div class=\"wpb-content-wrapper\"><p>[vc_row][vc_column offset=&#8221;vc_hidden-sm vc_hidden-xs&#8221;][vc_raw_html]JTVCcmV2X3NsaWRlciUyMGFsaWFzJTNEJTIyRC1BS1QtYmV6LXJpemlrYS1FTiUyMiU1RCU1QiUyRnJldl9zbGlkZXIlNUQ=[\/vc_raw_html][\/vc_column][\/vc_row][vc_row][vc_column offset=&#8221;vc_hidden-lg vc_hidden-md&#8221;][vc_single_image image=&#8221;7936&#8243; img_size=&#8221;full&#8221;][\/vc_column][\/vc_row][vc_row][vc_column]<div  class=\"empty-space  marg-lg-b35\"><\/div>[vc_separator color=&#8221;custom&#8221; border_width=&#8221;2&#8243; el_width=&#8221;50&#8243; accent_color=&#8221;#c7b39a&#8221;]<div  class=\"main-heading\"><span class=\"subtitle\"><\/span><h2 class=\"title\">Our Resorts are Ready for You<\/h2><\/div><div  class=\"empty-space  marg-lg-b35\"><\/div>[vc_separator color=&#8221;custom&#8221; border_width=&#8221;2&#8243; el_width=&#8221;50&#8243; accent_color=&#8221;#c7b39a&#8221;]<div  class=\"empty-space  marg-lg-b35\"><\/div>[\/vc_column][\/vc_row][vc_row][vc_column]<div class=\"text-block \" ><div class=\"simple-text \"><p style=\"text-align: center;\"><strong>We are doing everything to create a place for you to spend time with your friends and loved ones.<\/strong><\/p>\n<p style=\"text-align: center;\">We clean our resorts thoroughly each day and, of course, we keep your health in mind, too. That is why we have placed hand sanitiser in each room and throughout the resort to make you feel as safe as possible.<\/p>\n<p style=\"text-align: center;\">We look forward to your stay.<\/p>\n<\/div><\/div><div  class=\"empty-space  marg-lg-b35\"><\/div>[vc_single_image image=&#8221;6136&#8243; img_size=&#8221;full&#8221; alignment=&#8221;center&#8221;]<div  class=\"empty-space  marg-lg-b35\"><\/div>[\/vc_column][\/vc_row]<\/p>\n<\/div>","protected":false},"excerpt":{"rendered":"<p>[vc_row][vc_column offset=&#8221;vc_hidden-sm vc_hidden-xs&#8221;][vc_raw_html]JTVCcmV2X3NsaWRlciUyMGFsaWFzJTNEJTIyRC1BS1QtYmV6LXJpemlrYS1FTiUyMiU1RCU1QiUyRnJldl9zbGlkZXIlNUQ=[\/vc_raw_html][\/vc_column][\/vc_row][vc_row][vc_column offset=&#8221;vc_hidden-lg vc_hidden-md&#8221;][vc_single_image image=&#8221;7936&#8243; img_size=&#8221;full&#8221;][\/vc_column][\/vc_row][vc_row][vc_column][vc_separator color=&#8221;custom&#8221; border_width=&#8221;2&#8243; el_width=&#8221;50&#8243; accent_color=&#8221;#c7b39a&#8221;][vc_separator color=&#8221;custom&#8221; border_width=&#8221;2&#8243; el_width=&#8221;50&#8243; accent_color=&#8221;#c7b39a&#8221;][\/vc_column][\/vc_row][vc_row][vc_column][vc_single_image image=&#8221;6136&#8243; img_size=&#8221;full&#8221; alignment=&#8221;center&#8221;][\/vc_column][\/vc_row]<\/p>\n","protected":false},"author":3,"featured_media":0,"parent":0,"menu_order":0,"comment_status":"closed","ping_status":"closed","template":"","meta":{"footnotes":""},"class_list":["post-8569","page","type-page","status-publish","hentry"],"yoast_head":"<!-- This site is optimized with the Yoast SEO Premium plugin v27.3 (Yoast SEO v27.3) - https:\/\/yoast.com\/product\/yoast-seo-premium-wordpress\/ -->\n<title>Hand sanitiser in resorts<\/title>\n<meta name=\"description\" content=\"We have placed hand sanitiser in each room and throughout the resort to make you feel as safe as possible.\" \/>\n<meta name=\"robots\" content=\"noindex, nofollow\" \/>\n<meta property=\"og:locale\" content=\"en_US\" \/>\n<meta property=\"og:type\" content=\"article\" \/>\n<meta property=\"og:title\" content=\"Nov\u00e1 k\u00e1va v Amenity Resorts\" \/>\n<meta property=\"og:description\" content=\"Zjist\u011bte v\u00edce o na\u0161\u00ed nov\u00e9 spolupr\u00e1ci s \u010deskou pra\u017e\u00edrnou k\u00e1vy Nordbeans.\" \/>\n<meta property=\"og:url\" content=\"https:\/\/amenity.cz\/en\/hand-sanitiser-in-resorts\/\" \/>\n<meta property=\"og:site_name\" content=\"Amenity Resorts\" \/>\n<meta property=\"article:publisher\" content=\"https:\/\/www.facebook.com\/amenityresorts\" \/>\n<meta property=\"article:modified_time\" content=\"2021-04-23T14:44:27+00:00\" \/>\n<meta property=\"og:image\" content=\"http:\/\/amenity.cz\/wp-content\/uploads\/2020\/04\/kava-Amenity_web_1080x1080_.jpg\" \/>\n\t<meta property=\"og:image:width\" content=\"1080\" \/>\n\t<meta property=\"og:image:height\" content=\"1080\" \/>\n\t<meta property=\"og:image:type\" content=\"image\/jpeg\" \/>\n<meta name=\"twitter:card\" content=\"summary_large_image\" \/>\n<meta name=\"twitter:title\" content=\"Hand sanitiser in resorts\" \/>\n<meta name=\"twitter:site\" content=\"@amenityresorts\" \/>\n<meta name=\"twitter:label1\" content=\"Est. reading time\" \/>\n\t<meta name=\"twitter:data1\" content=\"1 minute\" \/>\n<script type=\"application\/ld+json\" class=\"yoast-schema-graph\">{\"@context\":\"https:\\\/\\\/schema.org\",\"@graph\":[{\"@type\":\"WebPage\",\"@id\":\"https:\\\/\\\/amenity.cz\\\/en\\\/hand-sanitiser-in-resorts\\\/\",\"url\":\"https:\\\/\\\/amenity.cz\\\/en\\\/hand-sanitiser-in-resorts\\\/\",\"name\":\"Hand sanitiser in resorts\",\"isPartOf\":{\"@id\":\"https:\\\/\\\/amenity.cz\\\/en\\\/#website\"},\"datePublished\":\"2020-04-24T12:48:26+00:00\",\"dateModified\":\"2021-04-23T14:44:27+00:00\",\"description\":\"We have placed hand sanitiser in each room and throughout the resort to make you feel as safe as possible.\",\"breadcrumb\":{\"@id\":\"https:\\\/\\\/amenity.cz\\\/en\\\/hand-sanitiser-in-resorts\\\/#breadcrumb\"},\"inLanguage\":\"en-US\",\"potentialAction\":[{\"@type\":\"ReadAction\",\"target\":[\"https:\\\/\\\/amenity.cz\\\/en\\\/hand-sanitiser-in-resorts\\\/\"]}]},{\"@type\":\"BreadcrumbList\",\"@id\":\"https:\\\/\\\/amenity.cz\\\/en\\\/hand-sanitiser-in-resorts\\\/#breadcrumb\",\"itemListElement\":[{\"@type\":\"ListItem\",\"position\":1,\"name\":\"Dom\u016f\",\"item\":\"https:\\\/\\\/amenity.cz\\\/en\\\/\"},{\"@type\":\"ListItem\",\"position\":2,\"name\":\"Hand sanitiser in resorts\"}]},{\"@type\":\"WebSite\",\"@id\":\"https:\\\/\\\/amenity.cz\\\/en\\\/#website\",\"url\":\"https:\\\/\\\/amenity.cz\\\/en\\\/\",\"name\":\"Amenity Resorts\",\"description\":\"\u010cesk\u00fd hotelov\u00fd \u0159et\u011bzec\",\"alternateName\":\"Amenity Hotels & Resorts\",\"potentialAction\":[{\"@type\":\"SearchAction\",\"target\":{\"@type\":\"EntryPoint\",\"urlTemplate\":\"https:\\\/\\\/amenity.cz\\\/en\\\/?s={search_term_string}\"},\"query-input\":{\"@type\":\"PropertyValueSpecification\",\"valueRequired\":true,\"valueName\":\"search_term_string\"}}],\"inLanguage\":\"en-US\"}]}<\/script>\n<!-- \/ Yoast SEO Premium plugin. -->","yoast_head_json":{"title":"Hand sanitiser in resorts","description":"We have placed hand sanitiser in each room and throughout the resort to make you feel as safe as possible.","robots":{"index":"noindex","follow":"nofollow"},"og_locale":"en_US","og_type":"article","og_title":"Nov\u00e1 k\u00e1va v Amenity Resorts","og_description":"Zjist\u011bte v\u00edce o na\u0161\u00ed nov\u00e9 spolupr\u00e1ci s \u010deskou pra\u017e\u00edrnou k\u00e1vy Nordbeans.","og_url":"https:\/\/amenity.cz\/en\/hand-sanitiser-in-resorts\/","og_site_name":"Amenity Resorts","article_publisher":"https:\/\/www.facebook.com\/amenityresorts","article_modified_time":"2021-04-23T14:44:27+00:00","og_image":[{"width":1080,"height":1080,"url":"http:\/\/amenity.cz\/wp-content\/uploads\/2020\/04\/kava-Amenity_web_1080x1080_.jpg","type":"image\/jpeg"}],"twitter_card":"summary_large_image","twitter_title":"Hand sanitiser in resorts","twitter_site":"@amenityresorts","twitter_misc":{"Est. reading time":"1 minute"},"schema":{"@context":"https:\/\/schema.org","@graph":[{"@type":"WebPage","@id":"https:\/\/amenity.cz\/en\/hand-sanitiser-in-resorts\/","url":"https:\/\/amenity.cz\/en\/hand-sanitiser-in-resorts\/","name":"Hand sanitiser in resorts","isPartOf":{"@id":"https:\/\/amenity.cz\/en\/#website"},"datePublished":"2020-04-24T12:48:26+00:00","dateModified":"2021-04-23T14:44:27+00:00","description":"We have placed hand sanitiser in each room and throughout the resort to make you feel as safe as possible.","breadcrumb":{"@id":"https:\/\/amenity.cz\/en\/hand-sanitiser-in-resorts\/#breadcrumb"},"inLanguage":"en-US","potentialAction":[{"@type":"ReadAction","target":["https:\/\/amenity.cz\/en\/hand-sanitiser-in-resorts\/"]}]},{"@type":"BreadcrumbList","@id":"https:\/\/amenity.cz\/en\/hand-sanitiser-in-resorts\/#breadcrumb","itemListElement":[{"@type":"ListItem","position":1,"name":"Dom\u016f","item":"https:\/\/amenity.cz\/en\/"},{"@type":"ListItem","position":2,"name":"Hand sanitiser in resorts"}]},{"@type":"WebSite","@id":"https:\/\/amenity.cz\/en\/#website","url":"https:\/\/amenity.cz\/en\/","name":"Amenity Resorts","description":"\u010cesk\u00fd hotelov\u00fd \u0159et\u011bzec","alternateName":"Amenity Hotels & Resorts","potentialAction":[{"@type":"SearchAction","target":{"@type":"EntryPoint","urlTemplate":"https:\/\/amenity.cz\/en\/?s={search_term_string}"},"query-input":{"@type":"PropertyValueSpecification","valueRequired":true,"valueName":"search_term_string"}}],"inLanguage":"en-US"}]}},"_links":{"self":[{"href":"https:\/\/amenity.cz\/en\/wp-json\/wp\/v2\/pages\/8569","targetHints":{"allow":["GET"]}}],"collection":[{"href":"https:\/\/amenity.cz\/en\/wp-json\/wp\/v2\/pages"}],"about":[{"href":"https:\/\/amenity.cz\/en\/wp-json\/wp\/v2\/types\/page"}],"author":[{"embeddable":true,"href":"https:\/\/amenity.cz\/en\/wp-json\/wp\/v2\/users\/3"}],"replies":[{"embeddable":true,"href":"https:\/\/amenity.cz\/en\/wp-json\/wp\/v2\/comments?post=8569"}],"version-history":[{"count":0,"href":"https:\/\/amenity.cz\/en\/wp-json\/wp\/v2\/pages\/8569\/revisions"}],"wp:attachment":[{"href":"https:\/\/amenity.cz\/en\/wp-json\/wp\/v2\/media?parent=8569"}],"curies":[{"name":"wp","href":"https:\/\/api.w.org\/{rel}","templated":true}]}}